{"id":12911,"date":"2019-08-20T13:45:06","date_gmt":"2019-08-20T11:45:06","guid":{"rendered":"https:\/\/www.guide-chirurgie-esthetique.com\/politica-editorial\/"},"modified":"2023-12-04T14:58:05","modified_gmt":"2023-12-04T13:58:05","slug":"politica-editorial","status":"publish","type":"page","link":"https:\/\/www.guide-chirurgie-esthetique.com\/es\/politica-editorial\/","title":{"rendered":"Pol\u00edtica editorial"},"content":{"rendered":"\t\t<div data-elementor-type=\"wp-page\" data-elementor-id=\"12911\" class=\"elementor elementor-12911 elementor-3\">\n\t\t\t\t\t\t<section class=\"elementor-section elementor-top-section elementor-element elementor-element-513cca1c elementor-section-boxed elementor-section-height-default elementor-section-height-default\" data-id=\"513cca1c\" data-element_type=\"section\">\n\t\t\t\t\t\t<div class=\"elementor-container elementor-column-gap-default\">\n\t\t\t\t\t<div class=\"elementor-column elementor-col-100 elementor-top-column elementor-element elementor-element-398994a9\" data-id=\"398994a9\" data-element_type=\"column\">\n\t\t\t<div class=\"elementor-widget-wrap elementor-element-populated\">\n\t\t\t\t\t\t<div class=\"elementor-element elementor-element-2fc921c9 elementor-widget elementor-widget-text-editor\" data-id=\"2fc921c9\" data-element_type=\"widget\" data-widget_type=\"text-editor.default\">\n\t\t\t\t<div class=\"elementor-widget-container\">\n\t\t\t\t\t\t\t<p><\/p>\n<h1>Pol\u00edtica editorial de nuestro sitio web  <\/h1>\n<p>La pol\u00edtica editorial de nuestro sitio web se define por los principios de responsabilidad, transparencia y honestidad, con el objetivo de ayudar a las personas interesadas en la medicina y la cirug\u00eda est\u00e9tica a encontrar el asesoramiento que necesitan antes de someterse a un tratamiento o cirug\u00eda pl\u00e1stica.<\/p>\n<p><\/p>\n<p><\/p>\n<p>En este sentido, los textos, notas, fotos, v\u00eddeos, art\u00edculos y cualquier otro tipo de publicaci\u00f3n deben ser de inter\u00e9s para todos los usuarios que visiten el portal y en ning\u00fan momento deben atentar contra su integridad personal.<\/p>\n<p><\/p>\n<p><\/p>\n<p>De acuerdo con lo anterior, todos los contenidos online deben estar en l\u00ednea con nuestro objetivo de ayudar a los usuarios, ofreciendo contenidos responsables y veraces que busquen siempre mejorar la experiencia de nuestros internautas.<\/p>\n<p><\/p>\n<p><\/p>\n<h2>Criterios de contenido<\/h2>\n<p><\/p>\n<p><\/p>\n<p>Todo el contenido publicado en esta gu\u00eda contiene informaci\u00f3n precisa e imparcial y est\u00e1 respaldado por los conocimientos m\u00e9dicos de profesionales sanitarios especializados y cualificados.<\/p>\n<p><\/p>\n<p><\/p>\n<p>Contamos con personal m\u00e9dico que se encarga de comprobar, verificar y aprobar los contenidos antes de su publicaci\u00f3n. Los art\u00edculos publicados son elaborados por escritores creativos y editados por un redactor jefe.<\/p>\n<p><\/p>\n<p><\/p>\n<h2>Informaci\u00f3n clara y concisa<\/h2>\n<p><\/p>\n<p><\/p>&nbsp;La informaci\u00f3n sobre la fuente y los datos de contacto de los m\u00e9dicos publicados aparece muy claramente en el portal. Del mismo modo, las publicaciones producidas deben ser f\u00e1ciles y \u00e1giles de leer.\n<p><\/p>\n<p><\/p>\n<h3>Honestidad<\/h3>\n<p><\/p>\n<p><\/p>\n<p>Nuestra pol\u00edtica editorial garantiza que los contenidos m\u00e9dicos expuestos han sido verificados por los especialistas anunciados en el portal, que aportan su experiencia y profesionalidad.<\/p>\n<p><\/p>\n<p><\/p>\n<p>Adem\u00e1s, nos aseguramos de que se verifiquen los datos de cada cirujano o establecimiento registrado en nuestro portal.<\/p>\n<p><\/p>\n<p><\/p>\n<p>En cuanto a las rese\u00f1as, experiencias e hilos de foros, velamos por la integridad del profesional sanitario y del usuario. Un equipo de profesionales altamente cualificados se encarga de examinar cada comentario, identificando aquellos que puedan ser falsos o que puedan generar alg\u00fan tipo de conflicto con los m\u00e9dicos.<\/p>\n<p><\/p>\n<p><\/p>\n<h3>Privacidad y confidencialidad<\/h3>\n<p><\/p>\n<p><\/p>\n<p>Los datos facilitados por m\u00e9dicos y usuarios ser\u00e1n respetados en todo momento, de acuerdo con la normativa legal sobre privacidad de cada pa\u00eds en el que opere el portal.<\/p>\n<p><\/p>\n<p><\/p>\n<h3>Garant\u00eda<\/h3>\n<p><\/p>\n<p><\/p>\n<p>Todos los contenidos expuestos se apoyan en pruebas objetivas. Para ello, pueden a\u00f1adirse citas, referencias bibliogr\u00e1ficas y fuentes de informaci\u00f3n ver\u00eddicas.<\/p>\n<p><\/p>\t\t\t\t\t\t<\/div>\n\t\t\t\t<\/div>\n\t\t\t\t\t<\/div>\n\t\t<\/div>\n\t\t\t\t\t<\/div>\n\t\t<\/section>\n\t\t\t\t<\/div>\n\t\t","protected":false},"excerpt":{"rendered":"<p>Pol\u00edtica editorial de nuestro sitio web La pol\u00edtica editorial de nuestro sitio web se define por los principios de responsabilidad, transparencia y honestidad, con el objetivo de ayudar a las personas interesadas en la medicina y la cirug\u00eda est\u00e9tica a encontrar el asesoramiento que necesitan antes de someterse a un tratamiento o cirug\u00eda pl\u00e1stica. En&#8230;.<\/p>\n","protected":false},"author":1,"featured_media":0,"parent":0,"menu_order":0,"comment_status":"closed","ping_status":"closed","template":"","meta":{"footnotes":""},"yoast_head":"<!-- This site is optimized with the Yoast SEO plugin v22.8 - https:\/\/yoast.com\/wordpress\/plugins\/seo\/ -->\n<title>Pol\u00edtica editorial - Guide Esth\u00e9tique<\/title>\n<meta name=\"robots\" content=\"index, follow, max-snippet:-1, max-image-preview:large, max-video-preview:-1\" \/>\n<link rel=\"canonical\" href=\"https:\/\/www.guide-chirurgie-esthetique.com\/es\/politica-editorial\/\" \/>\n<meta property=\"og:locale\" content=\"es_ES\" \/>\n<meta property=\"og:type\" content=\"article\" \/>\n<meta property=\"og:title\" content=\"Pol\u00edtica editorial - Guide Esth\u00e9tique\" \/>\n<meta property=\"og:description\" content=\"Pol\u00edtica editorial de nuestro sitio web La pol\u00edtica editorial de nuestro sitio web se define por los principios de responsabilidad, transparencia y honestidad, con el objetivo de ayudar a las personas interesadas en la medicina y la cirug\u00eda est\u00e9tica a encontrar el asesoramiento que necesitan antes de someterse a un tratamiento o cirug\u00eda pl\u00e1stica. En....\" \/>\n<meta property=\"og:url\" content=\"https:\/\/www.guide-chirurgie-esthetique.com\/es\/politica-editorial\/\" \/>\n<meta property=\"og:site_name\" content=\"Guide Esth\u00e9tique\" \/>\n<meta property=\"article:modified_time\" content=\"2023-12-04T13:58:05+00:00\" \/>\n<meta name=\"twitter:card\" content=\"summary_large_image\" \/>\n<meta name=\"twitter:label1\" content=\"Est. reading time\" \/>\n\t<meta name=\"twitter:data1\" content=\"2 minutes\" \/>\n<script type=\"application\/ld+json\" class=\"yoast-schema-graph\">{\"@context\":\"https:\/\/schema.org\",\"@graph\":[{\"@type\":\"WebPage\",\"@id\":\"https:\/\/www.guide-chirurgie-esthetique.com\/es\/politica-editorial\/\",\"url\":\"https:\/\/www.guide-chirurgie-esthetique.com\/es\/politica-editorial\/\",\"name\":\"Pol\u00edtica editorial - Guide Esth\u00e9tique\",\"isPartOf\":{\"@id\":\"https:\/\/www.guide-chirurgie-esthetique.com\/es\/#website\"},\"datePublished\":\"2019-08-20T11:45:06+00:00\",\"dateModified\":\"2023-12-04T13:58:05+00:00\",\"breadcrumb\":{\"@id\":\"https:\/\/www.guide-chirurgie-esthetique.com\/es\/politica-editorial\/#breadcrumb\"},\"inLanguage\":\"es-ES\",\"potentialAction\":[{\"@type\":\"ReadAction\",\"target\":[\"https:\/\/www.guide-chirurgie-esthetique.com\/es\/politica-editorial\/\"]}]},{\"@type\":\"BreadcrumbList\",\"@id\":\"https:\/\/www.guide-chirurgie-esthetique.com\/es\/politica-editorial\/#breadcrumb\",\"itemListElement\":[{\"@type\":\"ListItem\",\"position\":1,\"name\":\"Accueil\",\"item\":\"https:\/\/www.guide-chirurgie-esthetique.com\/es\/\"},{\"@type\":\"ListItem\",\"position\":2,\"name\":\"Pol\u00edtica editorial\"}]},{\"@type\":\"WebSite\",\"@id\":\"https:\/\/www.guide-chirurgie-esthetique.com\/es\/#website\",\"url\":\"https:\/\/www.guide-chirurgie-esthetique.com\/es\/\",\"name\":\"Guide Esth\u00e9tique\",\"description\":\"Votre guide pour r\u00e9ussir votre chirurgie plastique et esth\u00e9tique\",\"potentialAction\":[{\"@type\":\"SearchAction\",\"target\":{\"@type\":\"EntryPoint\",\"urlTemplate\":\"https:\/\/www.guide-chirurgie-esthetique.com\/es\/?s={search_term_string}\"},\"query-input\":\"required name=search_term_string\"}],\"inLanguage\":\"es-ES\"}]}<\/script>\n<!-- \/ Yoast SEO plugin. -->","yoast_head_json":{"title":"Pol\u00edtica editorial - Guide Esth\u00e9tique","robots":{"index":"index","follow":"follow","max-snippet":"max-snippet:-1","max-image-preview":"max-image-preview:large","max-video-preview":"max-video-preview:-1"},"canonical":"https:\/\/www.guide-chirurgie-esthetique.com\/es\/politica-editorial\/","og_locale":"es_ES","og_type":"article","og_title":"Pol\u00edtica editorial - Guide Esth\u00e9tique","og_description":"Pol\u00edtica editorial de nuestro sitio web La pol\u00edtica editorial de nuestro sitio web se define por los principios de responsabilidad, transparencia y honestidad, con el objetivo de ayudar a las personas interesadas en la medicina y la cirug\u00eda est\u00e9tica a encontrar el asesoramiento que necesitan antes de someterse a un tratamiento o cirug\u00eda pl\u00e1stica. En....","og_url":"https:\/\/www.guide-chirurgie-esthetique.com\/es\/politica-editorial\/","og_site_name":"Guide Esth\u00e9tique","article_modified_time":"2023-12-04T13:58:05+00:00","twitter_card":"summary_large_image","twitter_misc":{"Est. reading time":"2 minutes"},"schema":{"@context":"https:\/\/schema.org","@graph":[{"@type":"WebPage","@id":"https:\/\/www.guide-chirurgie-esthetique.com\/es\/politica-editorial\/","url":"https:\/\/www.guide-chirurgie-esthetique.com\/es\/politica-editorial\/","name":"Pol\u00edtica editorial - Guide Esth\u00e9tique","isPartOf":{"@id":"https:\/\/www.guide-chirurgie-esthetique.com\/es\/#website"},"datePublished":"2019-08-20T11:45:06+00:00","dateModified":"2023-12-04T13:58:05+00:00","breadcrumb":{"@id":"https:\/\/www.guide-chirurgie-esthetique.com\/es\/politica-editorial\/#breadcrumb"},"inLanguage":"es-ES","potentialAction":[{"@type":"ReadAction","target":["https:\/\/www.guide-chirurgie-esthetique.com\/es\/politica-editorial\/"]}]},{"@type":"BreadcrumbList","@id":"https:\/\/www.guide-chirurgie-esthetique.com\/es\/politica-editorial\/#breadcrumb","itemListElement":[{"@type":"ListItem","position":1,"name":"Accueil","item":"https:\/\/www.guide-chirurgie-esthetique.com\/es\/"},{"@type":"ListItem","position":2,"name":"Pol\u00edtica editorial"}]},{"@type":"WebSite","@id":"https:\/\/www.guide-chirurgie-esthetique.com\/es\/#website","url":"https:\/\/www.guide-chirurgie-esthetique.com\/es\/","name":"Guide Esth\u00e9tique","description":"Votre guide pour r\u00e9ussir votre chirurgie plastique et esth\u00e9tique","potentialAction":[{"@type":"SearchAction","target":{"@type":"EntryPoint","urlTemplate":"https:\/\/www.guide-chirurgie-esthetique.com\/es\/?s={search_term_string}"},"query-input":"required name=search_term_string"}],"inLanguage":"es-ES"}]}},"_links":{"self":[{"href":"https:\/\/www.guide-chirurgie-esthetique.com\/es\/wp-json\/wp\/v2\/pages\/12911"}],"collection":[{"href":"https:\/\/www.guide-chirurgie-esthetique.com\/es\/wp-json\/wp\/v2\/pages"}],"about":[{"href":"https:\/\/www.guide-chirurgie-esthetique.com\/es\/wp-json\/wp\/v2\/types\/page"}],"author":[{"embeddable":true,"href":"https:\/\/www.guide-chirurgie-esthetique.com\/es\/wp-json\/wp\/v2\/users\/1"}],"replies":[{"embeddable":true,"href":"https:\/\/www.guide-chirurgie-esthetique.com\/es\/wp-json\/wp\/v2\/comments?post=12911"}],"version-history":[{"count":0,"href":"https:\/\/www.guide-chirurgie-esthetique.com\/es\/wp-json\/wp\/v2\/pages\/12911\/revisions"}],"wp:attachment":[{"href":"https:\/\/www.guide-chirurgie-esthetique.com\/es\/wp-json\/wp\/v2\/media?parent=12911"}],"curies":[{"name":"wp","href":"https:\/\/api.w.org\/{rel}","templated":true}]}}