{"id":12915,"date":"2020-07-29T15:51:07","date_gmt":"2020-07-29T13:51:07","guid":{"rendered":"https:\/\/www.guide-chirurgie-esthetique.com\/informacion-juridica\/"},"modified":"2023-12-04T14:57:57","modified_gmt":"2023-12-04T13:57:57","slug":"informacion-juridica","status":"publish","type":"page","link":"https:\/\/www.guide-chirurgie-esthetique.com\/es\/informacion-juridica\/","title":{"rendered":"Informaci\u00f3n jur\u00eddica"},"content":{"rendered":"\t\t<div data-elementor-type=\"wp-page\" data-elementor-id=\"12915\" class=\"elementor elementor-12915 elementor-1521\">\n\t\t\t\t\t\t<section class=\"elementor-section elementor-top-section elementor-element elementor-element-1d3d1656 elementor-section-boxed elementor-section-height-default elementor-section-height-default\" data-id=\"1d3d1656\" data-element_type=\"section\">\n\t\t\t\t\t\t<div class=\"elementor-container elementor-column-gap-default\">\n\t\t\t\t\t<div class=\"elementor-column elementor-col-100 elementor-top-column elementor-element elementor-element-dc5e633\" data-id=\"dc5e633\" data-element_type=\"column\">\n\t\t\t<div class=\"elementor-widget-wrap elementor-element-populated\">\n\t\t\t\t\t\t<div class=\"elementor-element elementor-element-526fd15b elementor-widget elementor-widget-text-editor\" data-id=\"526fd15b\" data-element_type=\"widget\" data-widget_type=\"text-editor.default\">\n\t\t\t\t<div class=\"elementor-widget-container\">\n\t\t\t\t\t\t\t<p><\/p>\n<p>El sitio guide-chirurgie-esthetique.com es propiedad de Guide chirurgie esth\u00e9tique, una agencia especializada en servicios m\u00e9dicos.<\/p>\n<p>\n\n<\/p>\n<h2>P\u00f3ngase en contacto con<\/h2>\n<p>\n\n<\/p>\n<p>Correo electr\u00f3nico: <a href=\"mailto:info@guide-chirurgie-esthetique.com\">info@guide-chirurgie-esthetique.com<\/a><\/p>\n<p>\n\n<\/p>\n<h2>Propiedad intelectual<\/h2>\n<p>\n\n<\/p>\n<p>Este sitio web s\u00f3lo sirve como punto de partida en su b\u00fasqueda para descubrir la cirug\u00eda est\u00e9tica, dental, bari\u00e1trica y reconstructiva. Por consiguiente, la informaci\u00f3n aqu\u00ed obtenida no puede considerarse una fuente \u00fanica para su decisi\u00f3n final de someterse o no a uno de estos procedimientos.<\/p>\n<p>\n\n<\/p>\n<p>La plataforma tambi\u00e9n incluye una lista ilimitada de establecimientos m\u00e9dicos y cirujanos que ejercen en varios pa\u00edses, como Francia, Turqu\u00eda, Marruecos y T\u00fanez.<\/p>\n<p>\n\n<\/p>\n<p>Debe tenerse en cuenta que los contenidos en l\u00ednea y las opiniones publicadas por los internautas no constituyen una &#8220;recomendaci\u00f3n&#8221; para someterse a una intervenci\u00f3n quir\u00fargica espec\u00edfica con un cirujano o establecimiento concretos.<\/p>\n<p>\n\n<\/p>\n<p>Guide esth\u00e9tique le recuerda que todas las p\u00e1ginas de este sitio web son propiedad de la empresa y no deben utilizarse en ning\u00fan otro sitio web, ni como copia literaria para otros sitios web de informaci\u00f3n o publicidad, ni para material promocional escrito. Ni la totalidad, ni secciones, ni partes\/resultados individuales del contenido de este sitio web pueden utilizarse sin autorizaci\u00f3n.<\/p>\n<p>\n\n<\/p>\n<p><\/p>\t\t\t\t\t\t<\/div>\n\t\t\t\t<\/div>\n\t\t\t\t\t<\/div>\n\t\t<\/div>\n\t\t\t\t\t<\/div>\n\t\t<\/section>\n\t\t\t\t<\/div>\n\t\t","protected":false},"excerpt":{"rendered":"<p>El sitio guide-chirurgie-esthetique.com es propiedad de Guide chirurgie esth\u00e9tique, una agencia especializada en servicios m\u00e9dicos. P\u00f3ngase en contacto con Correo electr\u00f3nico: info@guide-chirurgie-esthetique.com Propiedad intelectual Este sitio web s\u00f3lo sirve como punto de partida en su b\u00fasqueda para descubrir la cirug\u00eda est\u00e9tica, dental, bari\u00e1trica y reconstructiva. Por consiguiente, la informaci\u00f3n aqu\u00ed obtenida no puede considerarse una&#8230;.<\/p>\n","protected":false},"author":1,"featured_media":0,"parent":0,"menu_order":0,"comment_status":"closed","ping_status":"closed","template":"","meta":{"footnotes":""},"yoast_head":"<!-- This site is optimized with the Yoast SEO plugin v22.8 - https:\/\/yoast.com\/wordpress\/plugins\/seo\/ -->\n<title>Informaci\u00f3n jur\u00eddica - Guide Esth\u00e9tique<\/title>\n<meta name=\"robots\" content=\"index, follow, max-snippet:-1, max-image-preview:large, max-video-preview:-1\" \/>\n<link rel=\"canonical\" href=\"https:\/\/www.guide-chirurgie-esthetique.com\/es\/informacion-juridica\/\" \/>\n<meta property=\"og:locale\" content=\"es_ES\" \/>\n<meta property=\"og:type\" content=\"article\" \/>\n<meta property=\"og:title\" content=\"Informaci\u00f3n jur\u00eddica - Guide Esth\u00e9tique\" \/>\n<meta property=\"og:description\" content=\"El sitio guide-chirurgie-esthetique.com es propiedad de Guide chirurgie esth\u00e9tique, una agencia especializada en servicios m\u00e9dicos. P\u00f3ngase en contacto con Correo electr\u00f3nico: info@guide-chirurgie-esthetique.com Propiedad intelectual Este sitio web s\u00f3lo sirve como punto de partida en su b\u00fasqueda para descubrir la cirug\u00eda est\u00e9tica, dental, bari\u00e1trica y reconstructiva. Por consiguiente, la informaci\u00f3n aqu\u00ed obtenida no puede considerarse una....\" \/>\n<meta property=\"og:url\" content=\"https:\/\/www.guide-chirurgie-esthetique.com\/es\/informacion-juridica\/\" \/>\n<meta property=\"og:site_name\" content=\"Guide Esth\u00e9tique\" \/>\n<meta property=\"article:modified_time\" content=\"2023-12-04T13:57:57+00:00\" \/>\n<meta name=\"twitter:card\" content=\"summary_large_image\" \/>\n<meta name=\"twitter:label1\" content=\"Est. reading time\" \/>\n\t<meta name=\"twitter:data1\" content=\"1 minute\" \/>\n<script type=\"application\/ld+json\" class=\"yoast-schema-graph\">{\"@context\":\"https:\/\/schema.org\",\"@graph\":[{\"@type\":\"WebPage\",\"@id\":\"https:\/\/www.guide-chirurgie-esthetique.com\/es\/informacion-juridica\/\",\"url\":\"https:\/\/www.guide-chirurgie-esthetique.com\/es\/informacion-juridica\/\",\"name\":\"Informaci\u00f3n jur\u00eddica - Guide Esth\u00e9tique\",\"isPartOf\":{\"@id\":\"https:\/\/www.guide-chirurgie-esthetique.com\/es\/#website\"},\"datePublished\":\"2020-07-29T13:51:07+00:00\",\"dateModified\":\"2023-12-04T13:57:57+00:00\",\"breadcrumb\":{\"@id\":\"https:\/\/www.guide-chirurgie-esthetique.com\/es\/informacion-juridica\/#breadcrumb\"},\"inLanguage\":\"es-ES\",\"potentialAction\":[{\"@type\":\"ReadAction\",\"target\":[\"https:\/\/www.guide-chirurgie-esthetique.com\/es\/informacion-juridica\/\"]}]},{\"@type\":\"BreadcrumbList\",\"@id\":\"https:\/\/www.guide-chirurgie-esthetique.com\/es\/informacion-juridica\/#breadcrumb\",\"itemListElement\":[{\"@type\":\"ListItem\",\"position\":1,\"name\":\"Accueil\",\"item\":\"https:\/\/www.guide-chirurgie-esthetique.com\/es\/\"},{\"@type\":\"ListItem\",\"position\":2,\"name\":\"Informaci\u00f3n jur\u00eddica\"}]},{\"@type\":\"WebSite\",\"@id\":\"https:\/\/www.guide-chirurgie-esthetique.com\/es\/#website\",\"url\":\"https:\/\/www.guide-chirurgie-esthetique.com\/es\/\",\"name\":\"Guide Esth\u00e9tique\",\"description\":\"Votre guide pour r\u00e9ussir votre chirurgie plastique et esth\u00e9tique\",\"potentialAction\":[{\"@type\":\"SearchAction\",\"target\":{\"@type\":\"EntryPoint\",\"urlTemplate\":\"https:\/\/www.guide-chirurgie-esthetique.com\/es\/?s={search_term_string}\"},\"query-input\":\"required name=search_term_string\"}],\"inLanguage\":\"es-ES\"}]}<\/script>\n<!-- \/ Yoast SEO plugin. -->","yoast_head_json":{"title":"Informaci\u00f3n jur\u00eddica - Guide Esth\u00e9tique","robots":{"index":"index","follow":"follow","max-snippet":"max-snippet:-1","max-image-preview":"max-image-preview:large","max-video-preview":"max-video-preview:-1"},"canonical":"https:\/\/www.guide-chirurgie-esthetique.com\/es\/informacion-juridica\/","og_locale":"es_ES","og_type":"article","og_title":"Informaci\u00f3n jur\u00eddica - Guide Esth\u00e9tique","og_description":"El sitio guide-chirurgie-esthetique.com es propiedad de Guide chirurgie esth\u00e9tique, una agencia especializada en servicios m\u00e9dicos. P\u00f3ngase en contacto con Correo electr\u00f3nico: info@guide-chirurgie-esthetique.com Propiedad intelectual Este sitio web s\u00f3lo sirve como punto de partida en su b\u00fasqueda para descubrir la cirug\u00eda est\u00e9tica, dental, bari\u00e1trica y reconstructiva. Por consiguiente, la informaci\u00f3n aqu\u00ed obtenida no puede considerarse una....","og_url":"https:\/\/www.guide-chirurgie-esthetique.com\/es\/informacion-juridica\/","og_site_name":"Guide Esth\u00e9tique","article_modified_time":"2023-12-04T13:57:57+00:00","twitter_card":"summary_large_image","twitter_misc":{"Est. reading time":"1 minute"},"schema":{"@context":"https:\/\/schema.org","@graph":[{"@type":"WebPage","@id":"https:\/\/www.guide-chirurgie-esthetique.com\/es\/informacion-juridica\/","url":"https:\/\/www.guide-chirurgie-esthetique.com\/es\/informacion-juridica\/","name":"Informaci\u00f3n jur\u00eddica - Guide Esth\u00e9tique","isPartOf":{"@id":"https:\/\/www.guide-chirurgie-esthetique.com\/es\/#website"},"datePublished":"2020-07-29T13:51:07+00:00","dateModified":"2023-12-04T13:57:57+00:00","breadcrumb":{"@id":"https:\/\/www.guide-chirurgie-esthetique.com\/es\/informacion-juridica\/#breadcrumb"},"inLanguage":"es-ES","potentialAction":[{"@type":"ReadAction","target":["https:\/\/www.guide-chirurgie-esthetique.com\/es\/informacion-juridica\/"]}]},{"@type":"BreadcrumbList","@id":"https:\/\/www.guide-chirurgie-esthetique.com\/es\/informacion-juridica\/#breadcrumb","itemListElement":[{"@type":"ListItem","position":1,"name":"Accueil","item":"https:\/\/www.guide-chirurgie-esthetique.com\/es\/"},{"@type":"ListItem","position":2,"name":"Informaci\u00f3n jur\u00eddica"}]},{"@type":"WebSite","@id":"https:\/\/www.guide-chirurgie-esthetique.com\/es\/#website","url":"https:\/\/www.guide-chirurgie-esthetique.com\/es\/","name":"Guide Esth\u00e9tique","description":"Votre guide pour r\u00e9ussir votre chirurgie plastique et esth\u00e9tique","potentialAction":[{"@type":"SearchAction","target":{"@type":"EntryPoint","urlTemplate":"https:\/\/www.guide-chirurgie-esthetique.com\/es\/?s={search_term_string}"},"query-input":"required name=search_term_string"}],"inLanguage":"es-ES"}]}},"_links":{"self":[{"href":"https:\/\/www.guide-chirurgie-esthetique.com\/es\/wp-json\/wp\/v2\/pages\/12915"}],"collection":[{"href":"https:\/\/www.guide-chirurgie-esthetique.com\/es\/wp-json\/wp\/v2\/pages"}],"about":[{"href":"https:\/\/www.guide-chirurgie-esthetique.com\/es\/wp-json\/wp\/v2\/types\/page"}],"author":[{"embeddable":true,"href":"https:\/\/www.guide-chirurgie-esthetique.com\/es\/wp-json\/wp\/v2\/users\/1"}],"replies":[{"embeddable":true,"href":"https:\/\/www.guide-chirurgie-esthetique.com\/es\/wp-json\/wp\/v2\/comments?post=12915"}],"version-history":[{"count":0,"href":"https:\/\/www.guide-chirurgie-esthetique.com\/es\/wp-json\/wp\/v2\/pages\/12915\/revisions"}],"wp:attachment":[{"href":"https:\/\/www.guide-chirurgie-esthetique.com\/es\/wp-json\/wp\/v2\/media?parent=12915"}],"curies":[{"name":"wp","href":"https:\/\/api.w.org\/{rel}","templated":true}]}}