{"id":12923,"date":"2021-09-28T11:44:10","date_gmt":"2021-09-28T09:44:10","guid":{"rendered":"https:\/\/www.guide-chirurgie-esthetique.com\/reclamar-el-historial-de-su-establecimiento-o-cirujano\/"},"modified":"2021-09-28T11:44:10","modified_gmt":"2021-09-28T09:44:10","slug":"reclamar-el-historial-de-su-establecimiento-o-cirujano","status":"publish","type":"page","link":"https:\/\/www.guide-chirurgie-esthetique.com\/es\/reclamar-el-historial-de-su-establecimiento-o-cirujano\/","title":{"rendered":"Reclamar el historial de su establecimiento o cirujano"},"content":{"rendered":"<h1>Reclamar el historial de su establecimiento o cirujano<\/h1>\n<p>Reclamar sus datos profesionales le permitir\u00e1 responder a las opiniones de los pacientes, ya sean positivas o negativas, y gestionar su informaci\u00f3n personal, como datos de contacto, descripci\u00f3n de su actividad, etc.<\/p>\n<p>\u00bfEs usted cirujano pl\u00e1stico? En este caso, puede moderar su foro o a\u00f1adir libremente art\u00edculos cient\u00edficos y m\u00e9dicos.<br \/>\nEn otras palabras, al reclamar su expediente, puede interactuar con los internautas, mejorar su reputaci\u00f3n electr\u00f3nica y, sobre todo, responder a las quejas o preguntas de sus pacientes.<\/p>\n<h3>\u00bfC\u00f3mo puede promocionar su perfil profesional en Guide Esth\u00e9tique?<\/h3>\n<p>El primer paso consiste en registrarse en la plataforma Guide Esthetique haciendo clic en el bot\u00f3n situado en la parte superior del sitio.<br \/>\nUna vez validada su cuenta, s\u00f3lo tiene que hacer clic en el bot\u00f3n <strong>&#8220;Reclame sus datos<\/strong> &#8221; y rellenar todos los campos obligatorios para recibir un correo electr\u00f3nico de confirmaci\u00f3n de nuestro servicio de asistencia en l\u00ednea.<\/p>\n<h4>Para el cirujano<\/h4>\n<p>El cirujano o m\u00e9dico debe presentar una copia de su tarjeta profesional para reclamar su tarjeta.<\/p>\n<h4>Para el estamento m\u00e9dico<\/h4>\n<p>Tanto si es una cl\u00ednica, una agencia de turismo m\u00e9dico o un hospital, debe cargar una copia de su registro mercantil.<\/p>\n<p>Su solicitud ser\u00e1 procesada manualmente por nuestro departamento de asistencia. El plazo de respuesta ser\u00e1 de 48 horas.<\/p>\n","protected":false},"excerpt":{"rendered":"<p>Reclamar el historial de su establecimiento o cirujano Reclamar sus datos profesionales le permitir\u00e1 responder a las opiniones de los pacientes, ya sean positivas o negativas, y gestionar su informaci\u00f3n personal, como datos de contacto, descripci\u00f3n de su actividad, etc. \u00bfEs usted cirujano pl\u00e1stico? En este caso, puede moderar su foro o a\u00f1adir libremente art\u00edculos&#8230;.<\/p>\n","protected":false},"author":1,"featured_media":0,"parent":0,"menu_order":0,"comment_status":"closed","ping_status":"closed","template":"","meta":{"footnotes":""},"yoast_head":"<!-- This site is optimized with the Yoast SEO plugin v22.8 - https:\/\/yoast.com\/wordpress\/plugins\/seo\/ -->\n<title>\u00bfC\u00f3mo se reclama el historial de un establecimiento o de un cirujano?<\/title>\n<meta name=\"description\" content=\"Aqu\u00ed encontrar\u00e1 toda la informaci\u00f3n necesaria para inscribir su establecimiento o su cirujano en Guide Esthetique.\" \/>\n<meta name=\"robots\" content=\"index, follow, max-snippet:-1, max-image-preview:large, max-video-preview:-1\" \/>\n<link rel=\"canonical\" href=\"https:\/\/www.guide-chirurgie-esthetique.com\/es\/reclamar-el-historial-de-su-establecimiento-o-cirujano\/\" \/>\n<meta property=\"og:locale\" content=\"es_ES\" \/>\n<meta property=\"og:type\" content=\"article\" \/>\n<meta property=\"og:title\" content=\"\u00bfC\u00f3mo se reclama el historial de un establecimiento o de un cirujano?\" \/>\n<meta property=\"og:description\" content=\"Aqu\u00ed encontrar\u00e1 toda la informaci\u00f3n necesaria para inscribir su establecimiento o su cirujano en Guide Esthetique.\" \/>\n<meta property=\"og:url\" content=\"https:\/\/www.guide-chirurgie-esthetique.com\/es\/reclamar-el-historial-de-su-establecimiento-o-cirujano\/\" \/>\n<meta property=\"og:site_name\" content=\"Guide Esth\u00e9tique\" \/>\n<meta name=\"twitter:card\" content=\"summary_large_image\" \/>\n<meta name=\"twitter:label1\" content=\"Est. reading time\" \/>\n\t<meta name=\"twitter:data1\" content=\"1 minute\" \/>\n<script type=\"application\/ld+json\" class=\"yoast-schema-graph\">{\"@context\":\"https:\/\/schema.org\",\"@graph\":[{\"@type\":\"WebPage\",\"@id\":\"https:\/\/www.guide-chirurgie-esthetique.com\/es\/reclamar-el-historial-de-su-establecimiento-o-cirujano\/\",\"url\":\"https:\/\/www.guide-chirurgie-esthetique.com\/es\/reclamar-el-historial-de-su-establecimiento-o-cirujano\/\",\"name\":\"\u00bfC\u00f3mo se reclama el historial de un establecimiento o de un cirujano?\",\"isPartOf\":{\"@id\":\"https:\/\/www.guide-chirurgie-esthetique.com\/es\/#website\"},\"datePublished\":\"2021-09-28T09:44:10+00:00\",\"dateModified\":\"2021-09-28T09:44:10+00:00\",\"description\":\"Aqu\u00ed encontrar\u00e1 toda la informaci\u00f3n necesaria para inscribir su establecimiento o su cirujano en Guide Esthetique.\",\"breadcrumb\":{\"@id\":\"https:\/\/www.guide-chirurgie-esthetique.com\/es\/reclamar-el-historial-de-su-establecimiento-o-cirujano\/#breadcrumb\"},\"inLanguage\":\"es-ES\",\"potentialAction\":[{\"@type\":\"ReadAction\",\"target\":[\"https:\/\/www.guide-chirurgie-esthetique.com\/es\/reclamar-el-historial-de-su-establecimiento-o-cirujano\/\"]}]},{\"@type\":\"BreadcrumbList\",\"@id\":\"https:\/\/www.guide-chirurgie-esthetique.com\/es\/reclamar-el-historial-de-su-establecimiento-o-cirujano\/#breadcrumb\",\"itemListElement\":[{\"@type\":\"ListItem\",\"position\":1,\"name\":\"Accueil\",\"item\":\"https:\/\/www.guide-chirurgie-esthetique.com\/es\/\"},{\"@type\":\"ListItem\",\"position\":2,\"name\":\"Reclamar el historial de su establecimiento o cirujano\"}]},{\"@type\":\"WebSite\",\"@id\":\"https:\/\/www.guide-chirurgie-esthetique.com\/es\/#website\",\"url\":\"https:\/\/www.guide-chirurgie-esthetique.com\/es\/\",\"name\":\"Guide Esth\u00e9tique\",\"description\":\"Votre guide pour r\u00e9ussir votre chirurgie plastique et esth\u00e9tique\",\"potentialAction\":[{\"@type\":\"SearchAction\",\"target\":{\"@type\":\"EntryPoint\",\"urlTemplate\":\"https:\/\/www.guide-chirurgie-esthetique.com\/es\/?s={search_term_string}\"},\"query-input\":\"required name=search_term_string\"}],\"inLanguage\":\"es-ES\"}]}<\/script>\n<!-- \/ Yoast SEO plugin. -->","yoast_head_json":{"title":"\u00bfC\u00f3mo se reclama el historial de un establecimiento o de un cirujano?","description":"Aqu\u00ed encontrar\u00e1 toda la informaci\u00f3n necesaria para inscribir su establecimiento o su cirujano en Guide Esthetique.","robots":{"index":"index","follow":"follow","max-snippet":"max-snippet:-1","max-image-preview":"max-image-preview:large","max-video-preview":"max-video-preview:-1"},"canonical":"https:\/\/www.guide-chirurgie-esthetique.com\/es\/reclamar-el-historial-de-su-establecimiento-o-cirujano\/","og_locale":"es_ES","og_type":"article","og_title":"\u00bfC\u00f3mo se reclama el historial de un establecimiento o de un cirujano?","og_description":"Aqu\u00ed encontrar\u00e1 toda la informaci\u00f3n necesaria para inscribir su establecimiento o su cirujano en Guide Esthetique.","og_url":"https:\/\/www.guide-chirurgie-esthetique.com\/es\/reclamar-el-historial-de-su-establecimiento-o-cirujano\/","og_site_name":"Guide Esth\u00e9tique","twitter_card":"summary_large_image","twitter_misc":{"Est. reading time":"1 minute"},"schema":{"@context":"https:\/\/schema.org","@graph":[{"@type":"WebPage","@id":"https:\/\/www.guide-chirurgie-esthetique.com\/es\/reclamar-el-historial-de-su-establecimiento-o-cirujano\/","url":"https:\/\/www.guide-chirurgie-esthetique.com\/es\/reclamar-el-historial-de-su-establecimiento-o-cirujano\/","name":"\u00bfC\u00f3mo se reclama el historial de un establecimiento o de un cirujano?","isPartOf":{"@id":"https:\/\/www.guide-chirurgie-esthetique.com\/es\/#website"},"datePublished":"2021-09-28T09:44:10+00:00","dateModified":"2021-09-28T09:44:10+00:00","description":"Aqu\u00ed encontrar\u00e1 toda la informaci\u00f3n necesaria para inscribir su establecimiento o su cirujano en Guide Esthetique.","breadcrumb":{"@id":"https:\/\/www.guide-chirurgie-esthetique.com\/es\/reclamar-el-historial-de-su-establecimiento-o-cirujano\/#breadcrumb"},"inLanguage":"es-ES","potentialAction":[{"@type":"ReadAction","target":["https:\/\/www.guide-chirurgie-esthetique.com\/es\/reclamar-el-historial-de-su-establecimiento-o-cirujano\/"]}]},{"@type":"BreadcrumbList","@id":"https:\/\/www.guide-chirurgie-esthetique.com\/es\/reclamar-el-historial-de-su-establecimiento-o-cirujano\/#breadcrumb","itemListElement":[{"@type":"ListItem","position":1,"name":"Accueil","item":"https:\/\/www.guide-chirurgie-esthetique.com\/es\/"},{"@type":"ListItem","position":2,"name":"Reclamar el historial de su establecimiento o cirujano"}]},{"@type":"WebSite","@id":"https:\/\/www.guide-chirurgie-esthetique.com\/es\/#website","url":"https:\/\/www.guide-chirurgie-esthetique.com\/es\/","name":"Guide Esth\u00e9tique","description":"Votre guide pour r\u00e9ussir votre chirurgie plastique et esth\u00e9tique","potentialAction":[{"@type":"SearchAction","target":{"@type":"EntryPoint","urlTemplate":"https:\/\/www.guide-chirurgie-esthetique.com\/es\/?s={search_term_string}"},"query-input":"required name=search_term_string"}],"inLanguage":"es-ES"}]}},"_links":{"self":[{"href":"https:\/\/www.guide-chirurgie-esthetique.com\/es\/wp-json\/wp\/v2\/pages\/12923"}],"collection":[{"href":"https:\/\/www.guide-chirurgie-esthetique.com\/es\/wp-json\/wp\/v2\/pages"}],"about":[{"href":"https:\/\/www.guide-chirurgie-esthetique.com\/es\/wp-json\/wp\/v2\/types\/page"}],"author":[{"embeddable":true,"href":"https:\/\/www.guide-chirurgie-esthetique.com\/es\/wp-json\/wp\/v2\/users\/1"}],"replies":[{"embeddable":true,"href":"https:\/\/www.guide-chirurgie-esthetique.com\/es\/wp-json\/wp\/v2\/comments?post=12923"}],"version-history":[{"count":0,"href":"https:\/\/www.guide-chirurgie-esthetique.com\/es\/wp-json\/wp\/v2\/pages\/12923\/revisions"}],"wp:attachment":[{"href":"https:\/\/www.guide-chirurgie-esthetique.com\/es\/wp-json\/wp\/v2\/media?parent=12923"}],"curies":[{"name":"wp","href":"https:\/\/api.w.org\/{rel}","templated":true}]}}