{"id":14103,"date":"2020-09-25T15:17:32","date_gmt":"2020-09-25T13:17:32","guid":{"rendered":"https:\/\/www.guide-chirurgie-esthetique.com\/intervenciones\/cirugia-facial\/"},"modified":"2023-12-15T10:50:10","modified_gmt":"2023-12-15T09:50:10","slug":"cirugia-facial","status":"publish","type":"page","link":"https:\/\/www.guide-chirurgie-esthetique.com\/es\/intervenciones\/cirugia-facial\/","title":{"rendered":"Cirug\u00eda facial"},"content":{"rendered":"\t\t<div data-elementor-type=\"wp-page\" data-elementor-id=\"14103\" class=\"elementor elementor-14103 elementor-2436\">\n\t\t\t\t\t\t<section class=\"elementor-section elementor-top-section elementor-element elementor-element-c45636b row-intervention elementor-section-boxed elementor-section-height-default elementor-section-height-default\" data-id=\"c45636b\" data-element_type=\"section\">\n\t\t\t\t\t\t<div class=\"elementor-container elementor-column-gap-default\">\n\t\t\t\t\t<div class=\"elementor-column elementor-col-50 elementor-top-column elementor-element elementor-element-1112fd9\" data-id=\"1112fd9\" data-element_type=\"column\">\n\t\t\t<div class=\"elementor-widget-wrap elementor-element-populated\">\n\t\t\t\t\t\t<div class=\"elementor-element elementor-element-2813898f elementor-widget elementor-widget-image\" data-id=\"2813898f\" data-element_type=\"widget\" data-widget_type=\"image.default\">\n\t\t\t\t<div class=\"elementor-widget-container\">\n\t\t\t\t\t\t\t\t\t\t<figure class=\"wp-caption\">\n\t\t\t\t\t\t\t\t\t\t\t<a href=\"https:\/\/www.guide-chirurgie-esthetique.com\/interventions\/chirurgie_visage\/lifting-visage\/\">\n\t\t\t\t\t\t\t<img fetchpriority=\"high\" decoding=\"async\" width=\"640\" height=\"427\" src=\"https:\/\/www.guide-chirurgie-esthetique.com\/wp-content\/uploads\/2020\/09\/lifting-visage-1024x683.jpg\" class=\"attachment-large size-large wp-image-2570\" alt=\"\" srcset=\"https:\/\/www.guide-chirurgie-esthetique.com\/wp-content\/uploads\/2020\/09\/lifting-visage-1024x683.jpg 1024w, https:\/\/www.guide-chirurgie-esthetique.com\/wp-content\/uploads\/2020\/09\/lifting-visage-600x400.jpg 600w, https:\/\/www.guide-chirurgie-esthetique.com\/wp-content\/uploads\/2020\/09\/lifting-visage-300x200.jpg 300w, https:\/\/www.guide-chirurgie-esthetique.com\/wp-content\/uploads\/2020\/09\/lifting-visage-768x512.jpg 768w, https:\/\/www.guide-chirurgie-esthetique.com\/wp-content\/uploads\/2020\/09\/lifting-visage.jpg 1200w\" sizes=\"(max-width: 640px) 100vw, 640px\" \/>\t\t\t\t\t\t\t\t<\/a>\n\t\t\t\t\t\t\t\t\t\t\t<figcaption class=\"widget-image-caption wp-caption-text\"><\/figcaption>\n\t\t\t\t\t\t\t\t\t\t<\/figure>\n\t\t\t\t\t\t\t<\/div>\n\t\t\t\t<\/div>\n\t\t\t\t<div class=\"elementor-element elementor-element-91801d7 elementor-widget elementor-widget-text-editor\" data-id=\"91801d7\" data-element_type=\"widget\" data-widget_type=\"text-editor.default\">\n\t\t\t\t<div class=\"elementor-widget-container\">\n\t\t\t\t\t\t\t<div class=\"box-destinations\">\n<h2 class=\"box-title\"><a href=\"https:\/\/www.guide-chirurgie-esthetique.com\/interventions\/chirurgie_visage\/lifting-visage\/\"><strong>Lifting facial<\/strong><\/a><\/h2>\n<\/div>\t\t\t\t\t\t<\/div>\n\t\t\t\t<\/div>\n\t\t\t\t<div class=\"elementor-element elementor-element-18913eb0 elementor-widget elementor-widget-image\" data-id=\"18913eb0\" data-element_type=\"widget\" data-widget_type=\"image.default\">\n\t\t\t\t<div class=\"elementor-widget-container\">\n\t\t\t\t\t\t\t\t\t\t<figure class=\"wp-caption\">\n\t\t\t\t\t\t\t\t\t\t\t<a href=\"https:\/\/www.guide-chirurgie-esthetique.com\/interventions\/chirurgie_visage\/blepharoplastie\/\">\n\t\t\t\t\t\t\t<img decoding=\"async\" width=\"640\" height=\"427\" src=\"https:\/\/www.guide-chirurgie-esthetique.com\/wp-content\/uploads\/2020\/09\/blepharoplastie-1024x683.jpg\" class=\"attachment-large size-large wp-image-2568\" alt=\"\" srcset=\"https:\/\/www.guide-chirurgie-esthetique.com\/wp-content\/uploads\/2020\/09\/blepharoplastie-1024x683.jpg 1024w, https:\/\/www.guide-chirurgie-esthetique.com\/wp-content\/uploads\/2020\/09\/blepharoplastie-600x400.jpg 600w, https:\/\/www.guide-chirurgie-esthetique.com\/wp-content\/uploads\/2020\/09\/blepharoplastie-300x200.jpg 300w, https:\/\/www.guide-chirurgie-esthetique.com\/wp-content\/uploads\/2020\/09\/blepharoplastie-768x512.jpg 768w, https:\/\/www.guide-chirurgie-esthetique.com\/wp-content\/uploads\/2020\/09\/blepharoplastie.jpg 1200w\" sizes=\"(max-width: 640px) 100vw, 640px\" \/>\t\t\t\t\t\t\t\t<\/a>\n\t\t\t\t\t\t\t\t\t\t\t<figcaption class=\"widget-image-caption wp-caption-text\"><\/figcaption>\n\t\t\t\t\t\t\t\t\t\t<\/figure>\n\t\t\t\t\t\t\t<\/div>\n\t\t\t\t<\/div>\n\t\t\t\t<div class=\"elementor-element elementor-element-ba460e4 elementor-widget elementor-widget-text-editor\" data-id=\"ba460e4\" data-element_type=\"widget\" data-widget_type=\"text-editor.default\">\n\t\t\t\t<div class=\"elementor-widget-container\">\n\t\t\t\t\t\t\t<div class=\"box-destinations\">\n<h2 class=\"box-title\"><a href=\"https:\/\/www.guide-chirurgie-esthetique.com\/interventions\/chirurgie_visage\/blepharoplastie\/\"><strong>Blefaroplastia<\/strong><\/a><\/h2>\n<\/div>\t\t\t\t\t\t<\/div>\n\t\t\t\t<\/div>\n\t\t\t\t\t<\/div>\n\t\t<\/div>\n\t\t\t\t<div class=\"elementor-column elementor-col-50 elementor-top-column elementor-element elementor-element-2c20570\" data-id=\"2c20570\" data-element_type=\"column\">\n\t\t\t<div class=\"elementor-widget-wrap elementor-element-populated\">\n\t\t\t\t\t\t<div class=\"elementor-element elementor-element-418e5cca elementor-widget elementor-widget-image\" data-id=\"418e5cca\" data-element_type=\"widget\" data-widget_type=\"image.default\">\n\t\t\t\t<div class=\"elementor-widget-container\">\n\t\t\t\t\t\t\t\t\t\t<figure class=\"wp-caption\">\n\t\t\t\t\t\t\t\t\t\t\t<a href=\"https:\/\/www.guide-chirurgie-esthetique.com\/interventions\/chirurgie_visage\/rhinoplastie\/\">\n\t\t\t\t\t\t\t<img decoding=\"async\" width=\"640\" height=\"427\" src=\"https:\/\/www.guide-chirurgie-esthetique.com\/wp-content\/uploads\/2020\/09\/rhinoplastie-1-1024x683.jpg\" class=\"attachment-large size-large wp-image-2572\" alt=\"\" srcset=\"https:\/\/www.guide-chirurgie-esthetique.com\/wp-content\/uploads\/2020\/09\/rhinoplastie-1-1024x683.jpg 1024w, https:\/\/www.guide-chirurgie-esthetique.com\/wp-content\/uploads\/2020\/09\/rhinoplastie-1-600x400.jpg 600w, https:\/\/www.guide-chirurgie-esthetique.com\/wp-content\/uploads\/2020\/09\/rhinoplastie-1-300x200.jpg 300w, https:\/\/www.guide-chirurgie-esthetique.com\/wp-content\/uploads\/2020\/09\/rhinoplastie-1-768x512.jpg 768w, https:\/\/www.guide-chirurgie-esthetique.com\/wp-content\/uploads\/2020\/09\/rhinoplastie-1.jpg 1200w\" sizes=\"(max-width: 640px) 100vw, 640px\" \/>\t\t\t\t\t\t\t\t<\/a>\n\t\t\t\t\t\t\t\t\t\t\t<figcaption class=\"widget-image-caption wp-caption-text\"><\/figcaption>\n\t\t\t\t\t\t\t\t\t\t<\/figure>\n\t\t\t\t\t\t\t<\/div>\n\t\t\t\t<\/div>\n\t\t\t\t<div class=\"elementor-element elementor-element-afc6739 elementor-widget elementor-widget-text-editor\" data-id=\"afc6739\" data-element_type=\"widget\" data-widget_type=\"text-editor.default\">\n\t\t\t\t<div class=\"elementor-widget-container\">\n\t\t\t\t\t\t\t<div class=\"box-destinations\">\n<h2 class=\"box-title\"><a href=\"https:\/\/www.guide-chirurgie-esthetique.com\/interventions\/chirurgie_visage\/rhinoplastie\/\"><strong>Rinoplastia<\/strong><\/a><\/h2>\n<\/div>\t\t\t\t\t\t<\/div>\n\t\t\t\t<\/div>\n\t\t\t\t<div class=\"elementor-element elementor-element-b60958a elementor-widget elementor-widget-image\" data-id=\"b60958a\" data-element_type=\"widget\" data-widget_type=\"image.default\">\n\t\t\t\t<div class=\"elementor-widget-container\">\n\t\t\t\t\t\t\t\t\t\t<figure class=\"wp-caption\">\n\t\t\t\t\t\t\t\t\t\t\t<a href=\"https:\/\/www.guide-chirurgie-esthetique.com\/interventions\/chirurgie_visage\/genioplastie\/\">\n\t\t\t\t\t\t\t<img loading=\"lazy\" decoding=\"async\" width=\"640\" height=\"427\" src=\"https:\/\/www.guide-chirurgie-esthetique.com\/wp-content\/uploads\/2020\/09\/genioplastie-1024x683.jpg\" class=\"attachment-large size-large wp-image-2569\" alt=\"\" srcset=\"https:\/\/www.guide-chirurgie-esthetique.com\/wp-content\/uploads\/2020\/09\/genioplastie-1024x683.jpg 1024w, https:\/\/www.guide-chirurgie-esthetique.com\/wp-content\/uploads\/2020\/09\/genioplastie-600x400.jpg 600w, https:\/\/www.guide-chirurgie-esthetique.com\/wp-content\/uploads\/2020\/09\/genioplastie-300x200.jpg 300w, https:\/\/www.guide-chirurgie-esthetique.com\/wp-content\/uploads\/2020\/09\/genioplastie-768x512.jpg 768w, https:\/\/www.guide-chirurgie-esthetique.com\/wp-content\/uploads\/2020\/09\/genioplastie.jpg 1200w\" sizes=\"(max-width: 640px) 100vw, 640px\" \/>\t\t\t\t\t\t\t\t<\/a>\n\t\t\t\t\t\t\t\t\t\t\t<figcaption class=\"widget-image-caption wp-caption-text\"><\/figcaption>\n\t\t\t\t\t\t\t\t\t\t<\/figure>\n\t\t\t\t\t\t\t<\/div>\n\t\t\t\t<\/div>\n\t\t\t\t<div class=\"elementor-element elementor-element-d677678 elementor-widget elementor-widget-text-editor\" data-id=\"d677678\" data-element_type=\"widget\" data-widget_type=\"text-editor.default\">\n\t\t\t\t<div class=\"elementor-widget-container\">\n\t\t\t\t\t\t\t<div class=\"box-destinations\">\n<h2 class=\"box-title\"><a href=\"https:\/\/www.guide-chirurgie-esthetique.com\/interventions\/chirurgie_visage\/genioplastie\/\"><strong>Genioplastia<\/strong><\/a><\/h2>\n<\/div>\t\t\t\t\t\t<\/div>\n\t\t\t\t<\/div>\n\t\t\t\t<div class=\"elementor-element elementor-element-9d5d085 elementor-widget elementor-widget-image\" data-id=\"9d5d085\" data-element_type=\"widget\" data-widget_type=\"image.default\">\n\t\t\t\t<div class=\"elementor-widget-container\">\n\t\t\t\t\t\t\t\t\t\t<figure class=\"wp-caption\">\n\t\t\t\t\t\t\t\t\t\t\t<a href=\"https:\/\/www.guide-chirurgie-esthetique.com\/interventions\/chirurgie_visage\/otoplastie\/\">\n\t\t\t\t\t\t\t<img loading=\"lazy\" decoding=\"async\" width=\"640\" height=\"427\" src=\"https:\/\/www.guide-chirurgie-esthetique.com\/wp-content\/uploads\/2020\/09\/otoplastie-1024x683.jpg\" class=\"attachment-large size-large wp-image-2571\" alt=\"\" srcset=\"https:\/\/www.guide-chirurgie-esthetique.com\/wp-content\/uploads\/2020\/09\/otoplastie-1024x683.jpg 1024w, https:\/\/www.guide-chirurgie-esthetique.com\/wp-content\/uploads\/2020\/09\/otoplastie-600x400.jpg 600w, https:\/\/www.guide-chirurgie-esthetique.com\/wp-content\/uploads\/2020\/09\/otoplastie-300x200.jpg 300w, https:\/\/www.guide-chirurgie-esthetique.com\/wp-content\/uploads\/2020\/09\/otoplastie-768x512.jpg 768w, https:\/\/www.guide-chirurgie-esthetique.com\/wp-content\/uploads\/2020\/09\/otoplastie.jpg 1200w\" sizes=\"(max-width: 640px) 100vw, 640px\" \/>\t\t\t\t\t\t\t\t<\/a>\n\t\t\t\t\t\t\t\t\t\t\t<figcaption class=\"widget-image-caption wp-caption-text\"><\/figcaption>\n\t\t\t\t\t\t\t\t\t\t<\/figure>\n\t\t\t\t\t\t\t<\/div>\n\t\t\t\t<\/div>\n\t\t\t\t<div class=\"elementor-element elementor-element-f882312 elementor-widget elementor-widget-text-editor\" data-id=\"f882312\" data-element_type=\"widget\" data-widget_type=\"text-editor.default\">\n\t\t\t\t<div class=\"elementor-widget-container\">\n\t\t\t\t\t\t\t<div class=\"box-destinations\">\n<h2 class=\"box-title\"><a href=\"\/interventions\/chirurgie_visage\/\/otoplastie\/\"><strong>Otoplastia<\/strong><\/a><\/h2>\n<\/div>\t\t\t\t\t\t<\/div>\n\t\t\t\t<\/div>\n\t\t\t\t\t<\/div>\n\t\t<\/div>\n\t\t\t\t\t<\/div>\n\t\t<\/section>\n\t\t\t\t<\/div>\n\t\t","protected":false},"excerpt":{"rendered":"<p>Lifting facial Blefaroplastia Rinoplastia Genioplastia Otoplastia<\/p>\n","protected":false},"author":1,"featured_media":0,"parent":12822,"menu_order":0,"comment_status":"closed","ping_status":"closed","template":"","meta":{"footnotes":""},"yoast_head":"<!-- This site is optimized with the Yoast SEO plugin v22.8 - https:\/\/yoast.com\/wordpress\/plugins\/seo\/ -->\n<title>Cirug\u00eda facial - Guide Esth\u00e9tique<\/title>\n<meta name=\"robots\" content=\"index, follow, max-snippet:-1, max-image-preview:large, max-video-preview:-1\" \/>\n<link rel=\"canonical\" href=\"https:\/\/www.guide-chirurgie-esthetique.com\/es\/intervenciones\/cirugia-facial\/\" \/>\n<meta property=\"og:locale\" content=\"es_ES\" \/>\n<meta property=\"og:type\" content=\"article\" \/>\n<meta property=\"og:title\" content=\"Cirug\u00eda facial - Guide Esth\u00e9tique\" \/>\n<meta property=\"og:description\" content=\"Lifting facial Blefaroplastia Rinoplastia Genioplastia Otoplastia\" \/>\n<meta property=\"og:url\" content=\"https:\/\/www.guide-chirurgie-esthetique.com\/es\/intervenciones\/cirugia-facial\/\" \/>\n<meta property=\"og:site_name\" content=\"Guide Esth\u00e9tique\" \/>\n<meta property=\"article:modified_time\" content=\"2023-12-15T09:50:10+00:00\" \/>\n<meta property=\"og:image\" content=\"https:\/\/www.guide-chirurgie-esthetique.com\/wp-content\/uploads\/2020\/09\/lifting-visage-1024x683.jpg\" \/>\n<meta name=\"twitter:card\" content=\"summary_large_image\" \/>\n<script type=\"application\/ld+json\" class=\"yoast-schema-graph\">{\"@context\":\"https:\/\/schema.org\",\"@graph\":[{\"@type\":\"WebPage\",\"@id\":\"https:\/\/www.guide-chirurgie-esthetique.com\/es\/intervenciones\/cirugia-facial\/\",\"url\":\"https:\/\/www.guide-chirurgie-esthetique.com\/es\/intervenciones\/cirugia-facial\/\",\"name\":\"Cirug\u00eda facial - Guide Esth\u00e9tique\",\"isPartOf\":{\"@id\":\"https:\/\/www.guide-chirurgie-esthetique.com\/es\/#website\"},\"primaryImageOfPage\":{\"@id\":\"https:\/\/www.guide-chirurgie-esthetique.com\/es\/intervenciones\/cirugia-facial\/#primaryimage\"},\"image\":{\"@id\":\"https:\/\/www.guide-chirurgie-esthetique.com\/es\/intervenciones\/cirugia-facial\/#primaryimage\"},\"thumbnailUrl\":\"https:\/\/www.guide-chirurgie-esthetique.com\/wp-content\/uploads\/2020\/09\/lifting-visage-1024x683.jpg\",\"datePublished\":\"2020-09-25T13:17:32+00:00\",\"dateModified\":\"2023-12-15T09:50:10+00:00\",\"breadcrumb\":{\"@id\":\"https:\/\/www.guide-chirurgie-esthetique.com\/es\/intervenciones\/cirugia-facial\/#breadcrumb\"},\"inLanguage\":\"es-ES\",\"potentialAction\":[{\"@type\":\"ReadAction\",\"target\":[\"https:\/\/www.guide-chirurgie-esthetique.com\/es\/intervenciones\/cirugia-facial\/\"]}]},{\"@type\":\"ImageObject\",\"inLanguage\":\"es-ES\",\"@id\":\"https:\/\/www.guide-chirurgie-esthetique.com\/es\/intervenciones\/cirugia-facial\/#primaryimage\",\"url\":\"https:\/\/www.guide-chirurgie-esthetique.com\/wp-content\/uploads\/2020\/09\/lifting-visage-1024x683.jpg\",\"contentUrl\":\"https:\/\/www.guide-chirurgie-esthetique.com\/wp-content\/uploads\/2020\/09\/lifting-visage-1024x683.jpg\"},{\"@type\":\"BreadcrumbList\",\"@id\":\"https:\/\/www.guide-chirurgie-esthetique.com\/es\/intervenciones\/cirugia-facial\/#breadcrumb\",\"itemListElement\":[{\"@type\":\"ListItem\",\"position\":1,\"name\":\"Accueil\",\"item\":\"https:\/\/www.guide-chirurgie-esthetique.com\/es\/\"},{\"@type\":\"ListItem\",\"position\":2,\"name\":\"Intervenciones\",\"item\":\"https:\/\/www.guide-chirurgie-esthetique.com\/es\/intervenciones\/\"},{\"@type\":\"ListItem\",\"position\":3,\"name\":\"Cirug\u00eda facial\"}]},{\"@type\":\"WebSite\",\"@id\":\"https:\/\/www.guide-chirurgie-esthetique.com\/es\/#website\",\"url\":\"https:\/\/www.guide-chirurgie-esthetique.com\/es\/\",\"name\":\"Guide Esth\u00e9tique\",\"description\":\"Votre guide pour r\u00e9ussir votre chirurgie plastique et esth\u00e9tique\",\"potentialAction\":[{\"@type\":\"SearchAction\",\"target\":{\"@type\":\"EntryPoint\",\"urlTemplate\":\"https:\/\/www.guide-chirurgie-esthetique.com\/es\/?s={search_term_string}\"},\"query-input\":\"required name=search_term_string\"}],\"inLanguage\":\"es-ES\"}]}<\/script>\n<!-- \/ Yoast SEO plugin. -->","yoast_head_json":{"title":"Cirug\u00eda facial - Guide Esth\u00e9tique","robots":{"index":"index","follow":"follow","max-snippet":"max-snippet:-1","max-image-preview":"max-image-preview:large","max-video-preview":"max-video-preview:-1"},"canonical":"https:\/\/www.guide-chirurgie-esthetique.com\/es\/intervenciones\/cirugia-facial\/","og_locale":"es_ES","og_type":"article","og_title":"Cirug\u00eda facial - Guide Esth\u00e9tique","og_description":"Lifting facial Blefaroplastia Rinoplastia Genioplastia Otoplastia","og_url":"https:\/\/www.guide-chirurgie-esthetique.com\/es\/intervenciones\/cirugia-facial\/","og_site_name":"Guide Esth\u00e9tique","article_modified_time":"2023-12-15T09:50:10+00:00","og_image":[{"url":"https:\/\/www.guide-chirurgie-esthetique.com\/wp-content\/uploads\/2020\/09\/lifting-visage-1024x683.jpg"}],"twitter_card":"summary_large_image","schema":{"@context":"https:\/\/schema.org","@graph":[{"@type":"WebPage","@id":"https:\/\/www.guide-chirurgie-esthetique.com\/es\/intervenciones\/cirugia-facial\/","url":"https:\/\/www.guide-chirurgie-esthetique.com\/es\/intervenciones\/cirugia-facial\/","name":"Cirug\u00eda facial - Guide Esth\u00e9tique","isPartOf":{"@id":"https:\/\/www.guide-chirurgie-esthetique.com\/es\/#website"},"primaryImageOfPage":{"@id":"https:\/\/www.guide-chirurgie-esthetique.com\/es\/intervenciones\/cirugia-facial\/#primaryimage"},"image":{"@id":"https:\/\/www.guide-chirurgie-esthetique.com\/es\/intervenciones\/cirugia-facial\/#primaryimage"},"thumbnailUrl":"https:\/\/www.guide-chirurgie-esthetique.com\/wp-content\/uploads\/2020\/09\/lifting-visage-1024x683.jpg","datePublished":"2020-09-25T13:17:32+00:00","dateModified":"2023-12-15T09:50:10+00:00","breadcrumb":{"@id":"https:\/\/www.guide-chirurgie-esthetique.com\/es\/intervenciones\/cirugia-facial\/#breadcrumb"},"inLanguage":"es-ES","potentialAction":[{"@type":"ReadAction","target":["https:\/\/www.guide-chirurgie-esthetique.com\/es\/intervenciones\/cirugia-facial\/"]}]},{"@type":"ImageObject","inLanguage":"es-ES","@id":"https:\/\/www.guide-chirurgie-esthetique.com\/es\/intervenciones\/cirugia-facial\/#primaryimage","url":"https:\/\/www.guide-chirurgie-esthetique.com\/wp-content\/uploads\/2020\/09\/lifting-visage-1024x683.jpg","contentUrl":"https:\/\/www.guide-chirurgie-esthetique.com\/wp-content\/uploads\/2020\/09\/lifting-visage-1024x683.jpg"},{"@type":"BreadcrumbList","@id":"https:\/\/www.guide-chirurgie-esthetique.com\/es\/intervenciones\/cirugia-facial\/#breadcrumb","itemListElement":[{"@type":"ListItem","position":1,"name":"Accueil","item":"https:\/\/www.guide-chirurgie-esthetique.com\/es\/"},{"@type":"ListItem","position":2,"name":"Intervenciones","item":"https:\/\/www.guide-chirurgie-esthetique.com\/es\/intervenciones\/"},{"@type":"ListItem","position":3,"name":"Cirug\u00eda facial"}]},{"@type":"WebSite","@id":"https:\/\/www.guide-chirurgie-esthetique.com\/es\/#website","url":"https:\/\/www.guide-chirurgie-esthetique.com\/es\/","name":"Guide Esth\u00e9tique","description":"Votre guide pour r\u00e9ussir votre chirurgie plastique et esth\u00e9tique","potentialAction":[{"@type":"SearchAction","target":{"@type":"EntryPoint","urlTemplate":"https:\/\/www.guide-chirurgie-esthetique.com\/es\/?s={search_term_string}"},"query-input":"required name=search_term_string"}],"inLanguage":"es-ES"}]}},"_links":{"self":[{"href":"https:\/\/www.guide-chirurgie-esthetique.com\/es\/wp-json\/wp\/v2\/pages\/14103"}],"collection":[{"href":"https:\/\/www.guide-chirurgie-esthetique.com\/es\/wp-json\/wp\/v2\/pages"}],"about":[{"href":"https:\/\/www.guide-chirurgie-esthetique.com\/es\/wp-json\/wp\/v2\/types\/page"}],"author":[{"embeddable":true,"href":"https:\/\/www.guide-chirurgie-esthetique.com\/es\/wp-json\/wp\/v2\/users\/1"}],"replies":[{"embeddable":true,"href":"https:\/\/www.guide-chirurgie-esthetique.com\/es\/wp-json\/wp\/v2\/comments?post=14103"}],"version-history":[{"count":0,"href":"https:\/\/www.guide-chirurgie-esthetique.com\/es\/wp-json\/wp\/v2\/pages\/14103\/revisions"}],"up":[{"embeddable":true,"href":"https:\/\/www.guide-chirurgie-esthetique.com\/es\/wp-json\/wp\/v2\/pages\/12822"}],"wp:attachment":[{"href":"https:\/\/www.guide-chirurgie-esthetique.com\/es\/wp-json\/wp\/v2\/media?parent=14103"}],"curies":[{"name":"wp","href":"https:\/\/api.w.org\/{rel}","templated":true}]}}