{"id":14105,"date":"2020-09-28T09:40:16","date_gmt":"2020-09-28T07:40:16","guid":{"rendered":"https:\/\/www.guide-chirurgie-esthetique.com\/intervenciones\/cirugia-mamaria\/"},"modified":"2023-12-15T10:50:34","modified_gmt":"2023-12-15T09:50:34","slug":"cirugia-mamaria","status":"publish","type":"page","link":"https:\/\/www.guide-chirurgie-esthetique.com\/es\/intervenciones\/cirugia-mamaria\/","title":{"rendered":"Cirug\u00eda mamaria"},"content":{"rendered":"\t\t<div data-elementor-type=\"wp-page\" data-elementor-id=\"14105\" class=\"elementor elementor-14105 elementor-2461\">\n\t\t\t\t\t\t<section class=\"elementor-section elementor-top-section elementor-element elementor-element-347d98d3 row-intervention elementor-section-boxed elementor-section-height-default elementor-section-height-default\" data-id=\"347d98d3\" data-element_type=\"section\">\n\t\t\t\t\t\t<div class=\"elementor-container elementor-column-gap-default\">\n\t\t\t\t\t<div class=\"elementor-column elementor-col-50 elementor-top-column elementor-element elementor-element-1b89bbee\" data-id=\"1b89bbee\" data-element_type=\"column\">\n\t\t\t<div class=\"elementor-widget-wrap elementor-element-populated\">\n\t\t\t\t\t\t<div class=\"elementor-element elementor-element-3d948f9e elementor-widget elementor-widget-image\" data-id=\"3d948f9e\" data-element_type=\"widget\" data-widget_type=\"image.default\">\n\t\t\t\t<div class=\"elementor-widget-container\">\n\t\t\t\t\t\t\t\t\t\t<figure class=\"wp-caption\">\n\t\t\t\t\t\t\t\t\t\t\t<a href=\"https:\/\/www.guide-chirurgie-esthetique.com\/interventions\/chirurgie_seins\/reduction-mammaire\/\">\n\t\t\t\t\t\t\t<img fetchpriority=\"high\" decoding=\"async\" width=\"640\" height=\"427\" src=\"https:\/\/www.guide-chirurgie-esthetique.com\/wp-content\/uploads\/2020\/09\/reduction-mammaire-1024x683.jpg\" class=\"attachment-large size-large wp-image-2578\" alt=\"\" srcset=\"https:\/\/www.guide-chirurgie-esthetique.com\/wp-content\/uploads\/2020\/09\/reduction-mammaire-1024x683.jpg 1024w, https:\/\/www.guide-chirurgie-esthetique.com\/wp-content\/uploads\/2020\/09\/reduction-mammaire-600x400.jpg 600w, https:\/\/www.guide-chirurgie-esthetique.com\/wp-content\/uploads\/2020\/09\/reduction-mammaire-300x200.jpg 300w, https:\/\/www.guide-chirurgie-esthetique.com\/wp-content\/uploads\/2020\/09\/reduction-mammaire-768x512.jpg 768w, https:\/\/www.guide-chirurgie-esthetique.com\/wp-content\/uploads\/2020\/09\/reduction-mammaire.jpg 1200w\" sizes=\"(max-width: 640px) 100vw, 640px\" \/>\t\t\t\t\t\t\t\t<\/a>\n\t\t\t\t\t\t\t\t\t\t\t<figcaption class=\"widget-image-caption wp-caption-text\"><\/figcaption>\n\t\t\t\t\t\t\t\t\t\t<\/figure>\n\t\t\t\t\t\t\t<\/div>\n\t\t\t\t<\/div>\n\t\t\t\t<div class=\"elementor-element elementor-element-56ac1a8 elementor-widget elementor-widget-text-editor\" data-id=\"56ac1a8\" data-element_type=\"widget\" data-widget_type=\"text-editor.default\">\n\t\t\t\t<div class=\"elementor-widget-container\">\n\t\t\t\t\t\t\t<div class=\"box-destinations\">\n<h2 class=\"box-title\"><a href=\"https:\/\/www.guide-chirurgie-esthetique.com\/interventions\/chirurgie_seins\/reduction-mammaire\/\"><strong>Reducci\u00f3n mamaria<\/strong><\/a><\/h2>\n<\/div>\t\t\t\t\t\t<\/div>\n\t\t\t\t<\/div>\n\t\t\t\t<div class=\"elementor-element elementor-element-35bf76af elementor-widget elementor-widget-image\" data-id=\"35bf76af\" data-element_type=\"widget\" data-widget_type=\"image.default\">\n\t\t\t\t<div class=\"elementor-widget-container\">\n\t\t\t\t\t\t\t\t\t\t<figure class=\"wp-caption\">\n\t\t\t\t\t\t\t\t\t\t\t<a href=\"https:\/\/www.guide-chirurgie-esthetique.com\/interventions\/chirurgie_seins\/augmentation-mammaire\/\">\n\t\t\t\t\t\t\t<img decoding=\"async\" width=\"640\" height=\"427\" src=\"https:\/\/www.guide-chirurgie-esthetique.com\/wp-content\/uploads\/2020\/09\/augmentation-mammaire-1024x683.jpg\" class=\"attachment-large size-large wp-image-2575\" alt=\"\" srcset=\"https:\/\/www.guide-chirurgie-esthetique.com\/wp-content\/uploads\/2020\/09\/augmentation-mammaire-1024x683.jpg 1024w, https:\/\/www.guide-chirurgie-esthetique.com\/wp-content\/uploads\/2020\/09\/augmentation-mammaire-600x400.jpg 600w, https:\/\/www.guide-chirurgie-esthetique.com\/wp-content\/uploads\/2020\/09\/augmentation-mammaire-300x200.jpg 300w, https:\/\/www.guide-chirurgie-esthetique.com\/wp-content\/uploads\/2020\/09\/augmentation-mammaire-768x512.jpg 768w, https:\/\/www.guide-chirurgie-esthetique.com\/wp-content\/uploads\/2020\/09\/augmentation-mammaire.jpg 1200w\" sizes=\"(max-width: 640px) 100vw, 640px\" \/>\t\t\t\t\t\t\t\t<\/a>\n\t\t\t\t\t\t\t\t\t\t\t<figcaption class=\"widget-image-caption wp-caption-text\"><\/figcaption>\n\t\t\t\t\t\t\t\t\t\t<\/figure>\n\t\t\t\t\t\t\t<\/div>\n\t\t\t\t<\/div>\n\t\t\t\t<div class=\"elementor-element elementor-element-b08c79c elementor-widget elementor-widget-text-editor\" data-id=\"b08c79c\" data-element_type=\"widget\" data-widget_type=\"text-editor.default\">\n\t\t\t\t<div class=\"elementor-widget-container\">\n\t\t\t\t\t\t\t<div class=\"box-destinations\">\n<h2 class=\"box-title\"><a href=\"https:\/\/www.guide-chirurgie-esthetique.com\/interventions\/chirurgie_seins\/augmentation-mammaire\/\"><strong>Aumento mamario  <\/strong><\/a><\/h2>\n<\/div>\t\t\t\t\t\t<\/div>\n\t\t\t\t<\/div>\n\t\t\t\t\t<\/div>\n\t\t<\/div>\n\t\t\t\t<div class=\"elementor-column elementor-col-50 elementor-top-column elementor-element elementor-element-2d861977\" data-id=\"2d861977\" data-element_type=\"column\">\n\t\t\t<div class=\"elementor-widget-wrap elementor-element-populated\">\n\t\t\t\t\t\t<div class=\"elementor-element elementor-element-ccd78f3 elementor-widget elementor-widget-image\" data-id=\"ccd78f3\" data-element_type=\"widget\" data-widget_type=\"image.default\">\n\t\t\t\t<div class=\"elementor-widget-container\">\n\t\t\t\t\t\t\t\t\t\t<figure class=\"wp-caption\">\n\t\t\t\t\t\t\t\t\t\t\t<a href=\"https:\/\/www.guide-chirurgie-esthetique.com\/interventions\/chirurgie_seins\/lifting-mammaire\/\">\n\t\t\t\t\t\t\t<img decoding=\"async\" width=\"640\" height=\"427\" src=\"https:\/\/www.guide-chirurgie-esthetique.com\/wp-content\/uploads\/2020\/09\/lifting-mammaire-1024x683.jpg\" class=\"attachment-large size-large wp-image-2576\" alt=\"\" srcset=\"https:\/\/www.guide-chirurgie-esthetique.com\/wp-content\/uploads\/2020\/09\/lifting-mammaire-1024x683.jpg 1024w, https:\/\/www.guide-chirurgie-esthetique.com\/wp-content\/uploads\/2020\/09\/lifting-mammaire-600x400.jpg 600w, https:\/\/www.guide-chirurgie-esthetique.com\/wp-content\/uploads\/2020\/09\/lifting-mammaire-300x200.jpg 300w, https:\/\/www.guide-chirurgie-esthetique.com\/wp-content\/uploads\/2020\/09\/lifting-mammaire-768x512.jpg 768w, https:\/\/www.guide-chirurgie-esthetique.com\/wp-content\/uploads\/2020\/09\/lifting-mammaire.jpg 1200w\" sizes=\"(max-width: 640px) 100vw, 640px\" \/>\t\t\t\t\t\t\t\t<\/a>\n\t\t\t\t\t\t\t\t\t\t\t<figcaption class=\"widget-image-caption wp-caption-text\"><\/figcaption>\n\t\t\t\t\t\t\t\t\t\t<\/figure>\n\t\t\t\t\t\t\t<\/div>\n\t\t\t\t<\/div>\n\t\t\t\t<div class=\"elementor-element elementor-element-79d8499 elementor-widget elementor-widget-text-editor\" data-id=\"79d8499\" data-element_type=\"widget\" data-widget_type=\"text-editor.default\">\n\t\t\t\t<div class=\"elementor-widget-container\">\n\t\t\t\t\t\t\t<div class=\"box-destinations\">\n<h2 class=\"box-title\"><a href=\"https:\/\/www.guide-chirurgie-esthetique.com\/interventions\/chirurgie_seins\/lifting-mammaire\/\"><strong>Elevaci\u00f3n de mamas<\/strong><\/a><\/h2>\n<\/div>\t\t\t\t\t\t<\/div>\n\t\t\t\t<\/div>\n\t\t\t\t<div class=\"elementor-element elementor-element-1764b3e7 elementor-widget elementor-widget-image\" data-id=\"1764b3e7\" data-element_type=\"widget\" data-widget_type=\"image.default\">\n\t\t\t\t<div class=\"elementor-widget-container\">\n\t\t\t\t\t\t\t\t\t\t<figure class=\"wp-caption\">\n\t\t\t\t\t\t\t\t\t\t\t<a href=\"https:\/\/www.guide-chirurgie-esthetique.com\/interventions\/chirurgie_seins\/lipofilling-mammaire\/\">\n\t\t\t\t\t\t\t<img loading=\"lazy\" decoding=\"async\" width=\"640\" height=\"427\" src=\"https:\/\/www.guide-chirurgie-esthetique.com\/wp-content\/uploads\/2020\/09\/lipofilling-mammaire-1024x683.jpg\" class=\"attachment-large size-large wp-image-2577\" alt=\"\" srcset=\"https:\/\/www.guide-chirurgie-esthetique.com\/wp-content\/uploads\/2020\/09\/lipofilling-mammaire-1024x683.jpg 1024w, https:\/\/www.guide-chirurgie-esthetique.com\/wp-content\/uploads\/2020\/09\/lipofilling-mammaire-600x400.jpg 600w, https:\/\/www.guide-chirurgie-esthetique.com\/wp-content\/uploads\/2020\/09\/lipofilling-mammaire-300x200.jpg 300w, https:\/\/www.guide-chirurgie-esthetique.com\/wp-content\/uploads\/2020\/09\/lipofilling-mammaire-768x512.jpg 768w, https:\/\/www.guide-chirurgie-esthetique.com\/wp-content\/uploads\/2020\/09\/lipofilling-mammaire.jpg 1200w\" sizes=\"(max-width: 640px) 100vw, 640px\" \/>\t\t\t\t\t\t\t\t<\/a>\n\t\t\t\t\t\t\t\t\t\t\t<figcaption class=\"widget-image-caption wp-caption-text\"><\/figcaption>\n\t\t\t\t\t\t\t\t\t\t<\/figure>\n\t\t\t\t\t\t\t<\/div>\n\t\t\t\t<\/div>\n\t\t\t\t<div class=\"elementor-element elementor-element-f095ec7 elementor-widget elementor-widget-text-editor\" data-id=\"f095ec7\" data-element_type=\"widget\" data-widget_type=\"text-editor.default\">\n\t\t\t\t<div class=\"elementor-widget-container\">\n\t\t\t\t\t\t\t<div class=\"box-destinations\">\n<h2 class=\"box-title\"><a href=\"https:\/\/www.guide-chirurgie-esthetique.com\/interventions\/chirurgie_seins\/lipofilling-mammaire\/\"><strong>Lipofilling mamario<\/strong><\/a><\/h2>\n<\/div>\t\t\t\t\t\t<\/div>\n\t\t\t\t<\/div>\n\t\t\t\t\t<\/div>\n\t\t<\/div>\n\t\t\t\t\t<\/div>\n\t\t<\/section>\n\t\t\t\t<\/div>\n\t\t","protected":false},"excerpt":{"rendered":"<p>Reducci\u00f3n mamaria Aumento mamario Elevaci\u00f3n de mamas Lipofilling mamario<\/p>\n","protected":false},"author":1,"featured_media":0,"parent":12822,"menu_order":0,"comment_status":"closed","ping_status":"closed","template":"","meta":{"footnotes":""},"yoast_head":"<!-- This site is optimized with the Yoast SEO plugin v22.8 - https:\/\/yoast.com\/wordpress\/plugins\/seo\/ -->\n<title>Cirug\u00eda mamaria para esculpir, aumentar y elevar los senos<\/title>\n<meta name=\"description\" content=\"He aqu\u00ed los procedimientos de cirug\u00eda est\u00e9tica mamaria, incluida la reducci\u00f3n mamaria, la cirug\u00eda pl\u00e1stica mamaria y los implantes de silicona.\" \/>\n<meta name=\"robots\" content=\"index, follow, max-snippet:-1, max-image-preview:large, max-video-preview:-1\" \/>\n<link rel=\"canonical\" href=\"https:\/\/www.guide-chirurgie-esthetique.com\/es\/intervenciones\/cirugia-mamaria\/\" \/>\n<meta property=\"og:locale\" content=\"es_ES\" \/>\n<meta property=\"og:type\" content=\"article\" \/>\n<meta property=\"og:title\" content=\"Cirug\u00eda mamaria para esculpir, aumentar y elevar los senos\" \/>\n<meta property=\"og:description\" content=\"He aqu\u00ed los procedimientos de cirug\u00eda est\u00e9tica mamaria, incluida la reducci\u00f3n mamaria, la cirug\u00eda pl\u00e1stica mamaria y los implantes de silicona.\" \/>\n<meta property=\"og:url\" content=\"https:\/\/www.guide-chirurgie-esthetique.com\/es\/intervenciones\/cirugia-mamaria\/\" \/>\n<meta property=\"og:site_name\" content=\"Guide Esth\u00e9tique\" \/>\n<meta property=\"article:modified_time\" content=\"2023-12-15T09:50:34+00:00\" \/>\n<meta property=\"og:image\" content=\"https:\/\/www.guide-chirurgie-esthetique.com\/wp-content\/uploads\/2020\/09\/reduction-mammaire-1024x683.jpg\" \/>\n<meta name=\"twitter:card\" content=\"summary_large_image\" \/>\n<script type=\"application\/ld+json\" class=\"yoast-schema-graph\">{\"@context\":\"https:\/\/schema.org\",\"@graph\":[{\"@type\":\"WebPage\",\"@id\":\"https:\/\/www.guide-chirurgie-esthetique.com\/es\/intervenciones\/cirugia-mamaria\/\",\"url\":\"https:\/\/www.guide-chirurgie-esthetique.com\/es\/intervenciones\/cirugia-mamaria\/\",\"name\":\"Cirug\u00eda mamaria para esculpir, aumentar y elevar los senos\",\"isPartOf\":{\"@id\":\"https:\/\/www.guide-chirurgie-esthetique.com\/es\/#website\"},\"primaryImageOfPage\":{\"@id\":\"https:\/\/www.guide-chirurgie-esthetique.com\/es\/intervenciones\/cirugia-mamaria\/#primaryimage\"},\"image\":{\"@id\":\"https:\/\/www.guide-chirurgie-esthetique.com\/es\/intervenciones\/cirugia-mamaria\/#primaryimage\"},\"thumbnailUrl\":\"https:\/\/www.guide-chirurgie-esthetique.com\/wp-content\/uploads\/2020\/09\/reduction-mammaire-1024x683.jpg\",\"datePublished\":\"2020-09-28T07:40:16+00:00\",\"dateModified\":\"2023-12-15T09:50:34+00:00\",\"description\":\"He aqu\u00ed los procedimientos de cirug\u00eda est\u00e9tica mamaria, incluida la reducci\u00f3n mamaria, la cirug\u00eda pl\u00e1stica mamaria y los implantes de silicona.\",\"breadcrumb\":{\"@id\":\"https:\/\/www.guide-chirurgie-esthetique.com\/es\/intervenciones\/cirugia-mamaria\/#breadcrumb\"},\"inLanguage\":\"es-ES\",\"potentialAction\":[{\"@type\":\"ReadAction\",\"target\":[\"https:\/\/www.guide-chirurgie-esthetique.com\/es\/intervenciones\/cirugia-mamaria\/\"]}]},{\"@type\":\"ImageObject\",\"inLanguage\":\"es-ES\",\"@id\":\"https:\/\/www.guide-chirurgie-esthetique.com\/es\/intervenciones\/cirugia-mamaria\/#primaryimage\",\"url\":\"https:\/\/www.guide-chirurgie-esthetique.com\/wp-content\/uploads\/2020\/09\/reduction-mammaire-1024x683.jpg\",\"contentUrl\":\"https:\/\/www.guide-chirurgie-esthetique.com\/wp-content\/uploads\/2020\/09\/reduction-mammaire-1024x683.jpg\"},{\"@type\":\"BreadcrumbList\",\"@id\":\"https:\/\/www.guide-chirurgie-esthetique.com\/es\/intervenciones\/cirugia-mamaria\/#breadcrumb\",\"itemListElement\":[{\"@type\":\"ListItem\",\"position\":1,\"name\":\"Accueil\",\"item\":\"https:\/\/www.guide-chirurgie-esthetique.com\/es\/\"},{\"@type\":\"ListItem\",\"position\":2,\"name\":\"Intervenciones\",\"item\":\"https:\/\/www.guide-chirurgie-esthetique.com\/es\/intervenciones\/\"},{\"@type\":\"ListItem\",\"position\":3,\"name\":\"Cirug\u00eda mamaria\"}]},{\"@type\":\"WebSite\",\"@id\":\"https:\/\/www.guide-chirurgie-esthetique.com\/es\/#website\",\"url\":\"https:\/\/www.guide-chirurgie-esthetique.com\/es\/\",\"name\":\"Guide Esth\u00e9tique\",\"description\":\"Votre guide pour r\u00e9ussir votre chirurgie plastique et esth\u00e9tique\",\"potentialAction\":[{\"@type\":\"SearchAction\",\"target\":{\"@type\":\"EntryPoint\",\"urlTemplate\":\"https:\/\/www.guide-chirurgie-esthetique.com\/es\/?s={search_term_string}\"},\"query-input\":\"required name=search_term_string\"}],\"inLanguage\":\"es-ES\"}]}<\/script>\n<!-- \/ Yoast SEO plugin. -->","yoast_head_json":{"title":"Cirug\u00eda mamaria para esculpir, aumentar y elevar los senos","description":"He aqu\u00ed los procedimientos de cirug\u00eda est\u00e9tica mamaria, incluida la reducci\u00f3n mamaria, la cirug\u00eda pl\u00e1stica mamaria y los implantes de silicona.","robots":{"index":"index","follow":"follow","max-snippet":"max-snippet:-1","max-image-preview":"max-image-preview:large","max-video-preview":"max-video-preview:-1"},"canonical":"https:\/\/www.guide-chirurgie-esthetique.com\/es\/intervenciones\/cirugia-mamaria\/","og_locale":"es_ES","og_type":"article","og_title":"Cirug\u00eda mamaria para esculpir, aumentar y elevar los senos","og_description":"He aqu\u00ed los procedimientos de cirug\u00eda est\u00e9tica mamaria, incluida la reducci\u00f3n mamaria, la cirug\u00eda pl\u00e1stica mamaria y los implantes de silicona.","og_url":"https:\/\/www.guide-chirurgie-esthetique.com\/es\/intervenciones\/cirugia-mamaria\/","og_site_name":"Guide Esth\u00e9tique","article_modified_time":"2023-12-15T09:50:34+00:00","og_image":[{"url":"https:\/\/www.guide-chirurgie-esthetique.com\/wp-content\/uploads\/2020\/09\/reduction-mammaire-1024x683.jpg"}],"twitter_card":"summary_large_image","schema":{"@context":"https:\/\/schema.org","@graph":[{"@type":"WebPage","@id":"https:\/\/www.guide-chirurgie-esthetique.com\/es\/intervenciones\/cirugia-mamaria\/","url":"https:\/\/www.guide-chirurgie-esthetique.com\/es\/intervenciones\/cirugia-mamaria\/","name":"Cirug\u00eda mamaria para esculpir, aumentar y elevar los senos","isPartOf":{"@id":"https:\/\/www.guide-chirurgie-esthetique.com\/es\/#website"},"primaryImageOfPage":{"@id":"https:\/\/www.guide-chirurgie-esthetique.com\/es\/intervenciones\/cirugia-mamaria\/#primaryimage"},"image":{"@id":"https:\/\/www.guide-chirurgie-esthetique.com\/es\/intervenciones\/cirugia-mamaria\/#primaryimage"},"thumbnailUrl":"https:\/\/www.guide-chirurgie-esthetique.com\/wp-content\/uploads\/2020\/09\/reduction-mammaire-1024x683.jpg","datePublished":"2020-09-28T07:40:16+00:00","dateModified":"2023-12-15T09:50:34+00:00","description":"He aqu\u00ed los procedimientos de cirug\u00eda est\u00e9tica mamaria, incluida la reducci\u00f3n mamaria, la cirug\u00eda pl\u00e1stica mamaria y los implantes de silicona.","breadcrumb":{"@id":"https:\/\/www.guide-chirurgie-esthetique.com\/es\/intervenciones\/cirugia-mamaria\/#breadcrumb"},"inLanguage":"es-ES","potentialAction":[{"@type":"ReadAction","target":["https:\/\/www.guide-chirurgie-esthetique.com\/es\/intervenciones\/cirugia-mamaria\/"]}]},{"@type":"ImageObject","inLanguage":"es-ES","@id":"https:\/\/www.guide-chirurgie-esthetique.com\/es\/intervenciones\/cirugia-mamaria\/#primaryimage","url":"https:\/\/www.guide-chirurgie-esthetique.com\/wp-content\/uploads\/2020\/09\/reduction-mammaire-1024x683.jpg","contentUrl":"https:\/\/www.guide-chirurgie-esthetique.com\/wp-content\/uploads\/2020\/09\/reduction-mammaire-1024x683.jpg"},{"@type":"BreadcrumbList","@id":"https:\/\/www.guide-chirurgie-esthetique.com\/es\/intervenciones\/cirugia-mamaria\/#breadcrumb","itemListElement":[{"@type":"ListItem","position":1,"name":"Accueil","item":"https:\/\/www.guide-chirurgie-esthetique.com\/es\/"},{"@type":"ListItem","position":2,"name":"Intervenciones","item":"https:\/\/www.guide-chirurgie-esthetique.com\/es\/intervenciones\/"},{"@type":"ListItem","position":3,"name":"Cirug\u00eda mamaria"}]},{"@type":"WebSite","@id":"https:\/\/www.guide-chirurgie-esthetique.com\/es\/#website","url":"https:\/\/www.guide-chirurgie-esthetique.com\/es\/","name":"Guide Esth\u00e9tique","description":"Votre guide pour r\u00e9ussir votre chirurgie plastique et esth\u00e9tique","potentialAction":[{"@type":"SearchAction","target":{"@type":"EntryPoint","urlTemplate":"https:\/\/www.guide-chirurgie-esthetique.com\/es\/?s={search_term_string}"},"query-input":"required name=search_term_string"}],"inLanguage":"es-ES"}]}},"_links":{"self":[{"href":"https:\/\/www.guide-chirurgie-esthetique.com\/es\/wp-json\/wp\/v2\/pages\/14105"}],"collection":[{"href":"https:\/\/www.guide-chirurgie-esthetique.com\/es\/wp-json\/wp\/v2\/pages"}],"about":[{"href":"https:\/\/www.guide-chirurgie-esthetique.com\/es\/wp-json\/wp\/v2\/types\/page"}],"author":[{"embeddable":true,"href":"https:\/\/www.guide-chirurgie-esthetique.com\/es\/wp-json\/wp\/v2\/users\/1"}],"replies":[{"embeddable":true,"href":"https:\/\/www.guide-chirurgie-esthetique.com\/es\/wp-json\/wp\/v2\/comments?post=14105"}],"version-history":[{"count":0,"href":"https:\/\/www.guide-chirurgie-esthetique.com\/es\/wp-json\/wp\/v2\/pages\/14105\/revisions"}],"up":[{"embeddable":true,"href":"https:\/\/www.guide-chirurgie-esthetique.com\/es\/wp-json\/wp\/v2\/pages\/12822"}],"wp:attachment":[{"href":"https:\/\/www.guide-chirurgie-esthetique.com\/es\/wp-json\/wp\/v2\/media?parent=14105"}],"curies":[{"name":"wp","href":"https:\/\/api.w.org\/{rel}","templated":true}]}}