{"id":14107,"date":"2020-09-28T11:43:06","date_gmt":"2020-09-28T09:43:06","guid":{"rendered":"https:\/\/www.guide-chirurgie-esthetique.com\/intervenciones\/cirugia-de-la-silueta\/"},"modified":"2023-12-15T10:50:43","modified_gmt":"2023-12-15T09:50:43","slug":"cirugia-de-la-silueta","status":"publish","type":"page","link":"https:\/\/www.guide-chirurgie-esthetique.com\/es\/intervenciones\/cirugia-de-la-silueta\/","title":{"rendered":"Cirug\u00eda de la silueta"},"content":{"rendered":"\t\t<div data-elementor-type=\"wp-page\" data-elementor-id=\"14107\" class=\"elementor elementor-14107 elementor-2529\">\n\t\t\t\t\t\t<section class=\"elementor-section elementor-top-section elementor-element elementor-element-762abb7 row-intervention elementor-section-boxed elementor-section-height-default elementor-section-height-default\" data-id=\"762abb7\" data-element_type=\"section\">\n\t\t\t\t\t\t<div class=\"elementor-container elementor-column-gap-default\">\n\t\t\t\t\t<div class=\"elementor-column elementor-col-50 elementor-top-column elementor-element elementor-element-4548da6\" data-id=\"4548da6\" data-element_type=\"column\">\n\t\t\t<div class=\"elementor-widget-wrap elementor-element-populated\">\n\t\t\t\t\t\t<div class=\"elementor-element elementor-element-5c82c436 elementor-widget elementor-widget-image\" data-id=\"5c82c436\" data-element_type=\"widget\" data-widget_type=\"image.default\">\n\t\t\t\t<div class=\"elementor-widget-container\">\n\t\t\t\t\t\t\t\t\t\t<figure class=\"wp-caption\">\n\t\t\t\t\t\t\t\t\t\t\t<a href=\"https:\/\/www.guide-chirurgie-esthetique.com\/interventions\/chirurgie_silhouette\/liposuccion\/\">\n\t\t\t\t\t\t\t<img fetchpriority=\"high\" decoding=\"async\" width=\"640\" height=\"427\" src=\"https:\/\/www.guide-chirurgie-esthetique.com\/wp-content\/uploads\/2020\/09\/liposuccion-1024x683.jpg\" class=\"attachment-large size-large wp-image-2619\" alt=\"\" srcset=\"https:\/\/www.guide-chirurgie-esthetique.com\/wp-content\/uploads\/2020\/09\/liposuccion-1024x683.jpg 1024w, https:\/\/www.guide-chirurgie-esthetique.com\/wp-content\/uploads\/2020\/09\/liposuccion-600x400.jpg 600w, https:\/\/www.guide-chirurgie-esthetique.com\/wp-content\/uploads\/2020\/09\/liposuccion-300x200.jpg 300w, https:\/\/www.guide-chirurgie-esthetique.com\/wp-content\/uploads\/2020\/09\/liposuccion-768x512.jpg 768w, https:\/\/www.guide-chirurgie-esthetique.com\/wp-content\/uploads\/2020\/09\/liposuccion.jpg 1200w\" sizes=\"(max-width: 640px) 100vw, 640px\" \/>\t\t\t\t\t\t\t\t<\/a>\n\t\t\t\t\t\t\t\t\t\t\t<figcaption class=\"widget-image-caption wp-caption-text\"> <\/figcaption>\n\t\t\t\t\t\t\t\t\t\t<\/figure>\n\t\t\t\t\t\t\t<\/div>\n\t\t\t\t<\/div>\n\t\t\t\t<div class=\"elementor-element elementor-element-8c26bcd elementor-widget elementor-widget-text-editor\" data-id=\"8c26bcd\" data-element_type=\"widget\" data-widget_type=\"text-editor.default\">\n\t\t\t\t<div class=\"elementor-widget-container\">\n\t\t\t\t\t\t\t<div class=\"box-destinations\">\n<h2 class=\"box-title\"><a href=\"https:\/\/www.guide-chirurgie-esthetique.com\/interventions\/chirurgie_silhouette\/liposuccion\/\"><strong>Liposucci\u00f3n  <\/strong><\/a><\/h2>\n<\/div>\t\t\t\t\t\t<\/div>\n\t\t\t\t<\/div>\n\t\t\t\t<div class=\"elementor-element elementor-element-654446c elementor-widget elementor-widget-image\" data-id=\"654446c\" data-element_type=\"widget\" data-widget_type=\"image.default\">\n\t\t\t\t<div class=\"elementor-widget-container\">\n\t\t\t\t\t\t\t\t\t\t<figure class=\"wp-caption\">\n\t\t\t\t\t\t\t\t\t\t\t<a href=\"https:\/\/www.guide-chirurgie-esthetique.com\/interventions\/chirurgie_silhouette\/lifting-cuisses\/\">\n\t\t\t\t\t\t\t<img decoding=\"async\" width=\"640\" height=\"427\" src=\"https:\/\/www.guide-chirurgie-esthetique.com\/wp-content\/uploads\/2020\/09\/lifting-cuisses-1024x683.jpg\" class=\"attachment-large size-large wp-image-2616\" alt=\"\" srcset=\"https:\/\/www.guide-chirurgie-esthetique.com\/wp-content\/uploads\/2020\/09\/lifting-cuisses-1024x683.jpg 1024w, https:\/\/www.guide-chirurgie-esthetique.com\/wp-content\/uploads\/2020\/09\/lifting-cuisses-600x400.jpg 600w, https:\/\/www.guide-chirurgie-esthetique.com\/wp-content\/uploads\/2020\/09\/lifting-cuisses-300x200.jpg 300w, https:\/\/www.guide-chirurgie-esthetique.com\/wp-content\/uploads\/2020\/09\/lifting-cuisses-768x512.jpg 768w, https:\/\/www.guide-chirurgie-esthetique.com\/wp-content\/uploads\/2020\/09\/lifting-cuisses.jpg 1200w\" sizes=\"(max-width: 640px) 100vw, 640px\" \/>\t\t\t\t\t\t\t\t<\/a>\n\t\t\t\t\t\t\t\t\t\t\t<figcaption class=\"widget-image-caption wp-caption-text\"><\/figcaption>\n\t\t\t\t\t\t\t\t\t\t<\/figure>\n\t\t\t\t\t\t\t<\/div>\n\t\t\t\t<\/div>\n\t\t\t\t<div class=\"elementor-element elementor-element-4b85f3d elementor-widget elementor-widget-text-editor\" data-id=\"4b85f3d\" data-element_type=\"widget\" data-widget_type=\"text-editor.default\">\n\t\t\t\t<div class=\"elementor-widget-container\">\n\t\t\t\t\t\t\t<div class=\"box-destinations\">\n<h2 class=\"box-title\"><a href=\"https:\/\/www.guide-chirurgie-esthetique.com\/interventions\/chirurgie_silhouette\/lifting-cuisses\/\"><strong>Lifting de muslos<\/strong><\/a><\/h2>\n<\/div>\t\t\t\t\t\t<\/div>\n\t\t\t\t<\/div>\n\t\t\t\t\t<\/div>\n\t\t<\/div>\n\t\t\t\t<div class=\"elementor-column elementor-col-50 elementor-top-column elementor-element elementor-element-8ab7e3a\" data-id=\"8ab7e3a\" data-element_type=\"column\">\n\t\t\t<div class=\"elementor-widget-wrap elementor-element-populated\">\n\t\t\t\t\t\t<div class=\"elementor-element elementor-element-7d9d8542 elementor-widget elementor-widget-image\" data-id=\"7d9d8542\" data-element_type=\"widget\" data-widget_type=\"image.default\">\n\t\t\t\t<div class=\"elementor-widget-container\">\n\t\t\t\t\t\t\t\t\t\t<figure class=\"wp-caption\">\n\t\t\t\t\t\t\t\t\t\t\t<a href=\"https:\/\/www.guide-chirurgie-esthetique.com\/interventions\/chirurgie_silhouette\/abdominoplastie\/\">\n\t\t\t\t\t\t\t<img decoding=\"async\" width=\"640\" height=\"427\" src=\"https:\/\/www.guide-chirurgie-esthetique.com\/wp-content\/uploads\/2020\/09\/abdominoplastie-1024x683.jpg\" class=\"attachment-large size-large wp-image-2613\" alt=\"\" srcset=\"https:\/\/www.guide-chirurgie-esthetique.com\/wp-content\/uploads\/2020\/09\/abdominoplastie-1024x683.jpg 1024w, https:\/\/www.guide-chirurgie-esthetique.com\/wp-content\/uploads\/2020\/09\/abdominoplastie-600x400.jpg 600w, https:\/\/www.guide-chirurgie-esthetique.com\/wp-content\/uploads\/2020\/09\/abdominoplastie-300x200.jpg 300w, https:\/\/www.guide-chirurgie-esthetique.com\/wp-content\/uploads\/2020\/09\/abdominoplastie-768x512.jpg 768w, https:\/\/www.guide-chirurgie-esthetique.com\/wp-content\/uploads\/2020\/09\/abdominoplastie.jpg 1200w\" sizes=\"(max-width: 640px) 100vw, 640px\" \/>\t\t\t\t\t\t\t\t<\/a>\n\t\t\t\t\t\t\t\t\t\t\t<figcaption class=\"widget-image-caption wp-caption-text\"><\/figcaption>\n\t\t\t\t\t\t\t\t\t\t<\/figure>\n\t\t\t\t\t\t\t<\/div>\n\t\t\t\t<\/div>\n\t\t\t\t<div class=\"elementor-element elementor-element-2eb2599 elementor-widget elementor-widget-text-editor\" data-id=\"2eb2599\" data-element_type=\"widget\" data-widget_type=\"text-editor.default\">\n\t\t\t\t<div class=\"elementor-widget-container\">\n\t\t\t\t\t\t\t<div class=\"box-destinations\">\n<h2 class=\"box-title\"><a href=\"https:\/\/www.guide-chirurgie-esthetique.com\/interventions\/chirurgie_silhouette\/abdominoplastie\/\"><strong>Abdominoplastia<\/strong><\/a><\/h2>\n<\/div>\t\t\t\t\t\t<\/div>\n\t\t\t\t<\/div>\n\t\t\t\t<div class=\"elementor-element elementor-element-2581e58 elementor-widget elementor-widget-image\" data-id=\"2581e58\" data-element_type=\"widget\" data-widget_type=\"image.default\">\n\t\t\t\t<div class=\"elementor-widget-container\">\n\t\t\t\t\t\t\t\t\t\t<figure class=\"wp-caption\">\n\t\t\t\t\t\t\t\t\t\t\t<a href=\"https:\/\/www.guide-chirurgie-esthetique.com\/interventions\/chirurgie_silhouette\/lifting-bras\/\">\n\t\t\t\t\t\t\t<img loading=\"lazy\" decoding=\"async\" width=\"640\" height=\"427\" src=\"https:\/\/www.guide-chirurgie-esthetique.com\/wp-content\/uploads\/2020\/09\/lifting-bras-1024x683.jpg\" class=\"attachment-large size-large wp-image-2615\" alt=\"\" srcset=\"https:\/\/www.guide-chirurgie-esthetique.com\/wp-content\/uploads\/2020\/09\/lifting-bras-1024x683.jpg 1024w, https:\/\/www.guide-chirurgie-esthetique.com\/wp-content\/uploads\/2020\/09\/lifting-bras-600x400.jpg 600w, https:\/\/www.guide-chirurgie-esthetique.com\/wp-content\/uploads\/2020\/09\/lifting-bras-300x200.jpg 300w, https:\/\/www.guide-chirurgie-esthetique.com\/wp-content\/uploads\/2020\/09\/lifting-bras-768x512.jpg 768w, https:\/\/www.guide-chirurgie-esthetique.com\/wp-content\/uploads\/2020\/09\/lifting-bras.jpg 1200w\" sizes=\"(max-width: 640px) 100vw, 640px\" \/>\t\t\t\t\t\t\t\t<\/a>\n\t\t\t\t\t\t\t\t\t\t\t<figcaption class=\"widget-image-caption wp-caption-text\"><\/figcaption>\n\t\t\t\t\t\t\t\t\t\t<\/figure>\n\t\t\t\t\t\t\t<\/div>\n\t\t\t\t<\/div>\n\t\t\t\t<div class=\"elementor-element elementor-element-2fd4b89 elementor-widget elementor-widget-text-editor\" data-id=\"2fd4b89\" data-element_type=\"widget\" data-widget_type=\"text-editor.default\">\n\t\t\t\t<div class=\"elementor-widget-container\">\n\t\t\t\t\t\t\t<div class=\"box-destinations\">\n<h2 class=\"box-title\"><a href=\"https:\/\/www.guide-chirurgie-esthetique.com\/interventions\/chirurgie_silhouette\/lifting-bras\/\"><strong>Elevaci\u00f3n del brazo<\/strong><\/a><\/h2>\n<\/div>\t\t\t\t\t\t<\/div>\n\t\t\t\t<\/div>\n\t\t\t\t<div class=\"elementor-element elementor-element-afbbc2b elementor-widget elementor-widget-image\" data-id=\"afbbc2b\" data-element_type=\"widget\" data-widget_type=\"image.default\">\n\t\t\t\t<div class=\"elementor-widget-container\">\n\t\t\t\t\t\t\t\t\t\t<figure class=\"wp-caption\">\n\t\t\t\t\t\t\t\t\t\t\t<a href=\"https:\/\/www.guide-chirurgie-esthetique.com\/interventions\/chirurgie_silhouette\/lipofilling-fesses\/\">\n\t\t\t\t\t\t\t<img loading=\"lazy\" decoding=\"async\" width=\"640\" height=\"427\" src=\"https:\/\/www.guide-chirurgie-esthetique.com\/wp-content\/uploads\/2020\/09\/lipofilling-fesses-1024x683.jpg\" class=\"attachment-large size-large wp-image-2617\" alt=\"\" srcset=\"https:\/\/www.guide-chirurgie-esthetique.com\/wp-content\/uploads\/2020\/09\/lipofilling-fesses-1024x683.jpg 1024w, https:\/\/www.guide-chirurgie-esthetique.com\/wp-content\/uploads\/2020\/09\/lipofilling-fesses-600x400.jpg 600w, https:\/\/www.guide-chirurgie-esthetique.com\/wp-content\/uploads\/2020\/09\/lipofilling-fesses-300x200.jpg 300w, https:\/\/www.guide-chirurgie-esthetique.com\/wp-content\/uploads\/2020\/09\/lipofilling-fesses-768x512.jpg 768w, https:\/\/www.guide-chirurgie-esthetique.com\/wp-content\/uploads\/2020\/09\/lipofilling-fesses.jpg 1200w\" sizes=\"(max-width: 640px) 100vw, 640px\" \/>\t\t\t\t\t\t\t\t<\/a>\n\t\t\t\t\t\t\t\t\t\t\t<figcaption class=\"widget-image-caption wp-caption-text\"><\/figcaption>\n\t\t\t\t\t\t\t\t\t\t<\/figure>\n\t\t\t\t\t\t\t<\/div>\n\t\t\t\t<\/div>\n\t\t\t\t<div class=\"elementor-element elementor-element-0c1050d elementor-widget elementor-widget-text-editor\" data-id=\"0c1050d\" data-element_type=\"widget\" data-widget_type=\"text-editor.default\">\n\t\t\t\t<div class=\"elementor-widget-container\">\n\t\t\t\t\t\t\t<div class=\"box-destinations\">\n<h2 class=\"box-title\"><a href=\"https:\/\/www.guide-chirurgie-esthetique.com\/interventions\/chirurgie_silhouette\/lipofilling-fesses\/\"><strong>Lipofilling de gl\u00fateos<\/strong><\/a><\/h2>\n<\/div>\t\t\t\t\t\t<\/div>\n\t\t\t\t<\/div>\n\t\t\t\t\t<\/div>\n\t\t<\/div>\n\t\t\t\t\t<\/div>\n\t\t<\/section>\n\t\t\t\t<\/div>\n\t\t","protected":false},"excerpt":{"rendered":"<p>Liposucci\u00f3n Lifting de muslos Abdominoplastia Elevaci\u00f3n del brazo Lipofilling de gl\u00fateos<\/p>\n","protected":false},"author":1,"featured_media":0,"parent":12822,"menu_order":0,"comment_status":"closed","ping_status":"closed","template":"","meta":{"footnotes":""},"yoast_head":"<!-- This site is optimized with the Yoast SEO plugin v22.8 - https:\/\/yoast.com\/wordpress\/plugins\/seo\/ -->\n<title>Cirug\u00eda del contorno corporal: todos los procedimientos<\/title>\n<meta name=\"description\" content=\"He aqu\u00ed las principales intervenciones de remodelaci\u00f3n corporal realizadas en Francia, Turqu\u00eda, Marruecos y T\u00fanez.\" \/>\n<meta name=\"robots\" content=\"index, follow, max-snippet:-1, max-image-preview:large, max-video-preview:-1\" \/>\n<link rel=\"canonical\" href=\"https:\/\/www.guide-chirurgie-esthetique.com\/es\/intervenciones\/cirugia-de-la-silueta\/\" \/>\n<meta property=\"og:locale\" content=\"es_ES\" \/>\n<meta property=\"og:type\" content=\"article\" \/>\n<meta property=\"og:title\" content=\"Cirug\u00eda del contorno corporal: todos los procedimientos\" \/>\n<meta property=\"og:description\" content=\"He aqu\u00ed las principales intervenciones de remodelaci\u00f3n corporal realizadas en Francia, Turqu\u00eda, Marruecos y T\u00fanez.\" \/>\n<meta property=\"og:url\" content=\"https:\/\/www.guide-chirurgie-esthetique.com\/es\/intervenciones\/cirugia-de-la-silueta\/\" \/>\n<meta property=\"og:site_name\" content=\"Guide Esth\u00e9tique\" \/>\n<meta property=\"article:modified_time\" content=\"2023-12-15T09:50:43+00:00\" \/>\n<meta property=\"og:image\" content=\"https:\/\/www.guide-chirurgie-esthetique.com\/wp-content\/uploads\/2020\/09\/liposuccion-1024x683.jpg\" \/>\n<meta name=\"twitter:card\" content=\"summary_large_image\" \/>\n<script type=\"application\/ld+json\" class=\"yoast-schema-graph\">{\"@context\":\"https:\/\/schema.org\",\"@graph\":[{\"@type\":\"WebPage\",\"@id\":\"https:\/\/www.guide-chirurgie-esthetique.com\/es\/intervenciones\/cirugia-de-la-silueta\/\",\"url\":\"https:\/\/www.guide-chirurgie-esthetique.com\/es\/intervenciones\/cirugia-de-la-silueta\/\",\"name\":\"Cirug\u00eda del contorno corporal: todos los procedimientos\",\"isPartOf\":{\"@id\":\"https:\/\/www.guide-chirurgie-esthetique.com\/es\/#website\"},\"primaryImageOfPage\":{\"@id\":\"https:\/\/www.guide-chirurgie-esthetique.com\/es\/intervenciones\/cirugia-de-la-silueta\/#primaryimage\"},\"image\":{\"@id\":\"https:\/\/www.guide-chirurgie-esthetique.com\/es\/intervenciones\/cirugia-de-la-silueta\/#primaryimage\"},\"thumbnailUrl\":\"https:\/\/www.guide-chirurgie-esthetique.com\/wp-content\/uploads\/2020\/09\/liposuccion-1024x683.jpg\",\"datePublished\":\"2020-09-28T09:43:06+00:00\",\"dateModified\":\"2023-12-15T09:50:43+00:00\",\"description\":\"He aqu\u00ed las principales intervenciones de remodelaci\u00f3n corporal realizadas en Francia, Turqu\u00eda, Marruecos y T\u00fanez.\",\"breadcrumb\":{\"@id\":\"https:\/\/www.guide-chirurgie-esthetique.com\/es\/intervenciones\/cirugia-de-la-silueta\/#breadcrumb\"},\"inLanguage\":\"es-ES\",\"potentialAction\":[{\"@type\":\"ReadAction\",\"target\":[\"https:\/\/www.guide-chirurgie-esthetique.com\/es\/intervenciones\/cirugia-de-la-silueta\/\"]}]},{\"@type\":\"ImageObject\",\"inLanguage\":\"es-ES\",\"@id\":\"https:\/\/www.guide-chirurgie-esthetique.com\/es\/intervenciones\/cirugia-de-la-silueta\/#primaryimage\",\"url\":\"https:\/\/www.guide-chirurgie-esthetique.com\/wp-content\/uploads\/2020\/09\/liposuccion-1024x683.jpg\",\"contentUrl\":\"https:\/\/www.guide-chirurgie-esthetique.com\/wp-content\/uploads\/2020\/09\/liposuccion-1024x683.jpg\"},{\"@type\":\"BreadcrumbList\",\"@id\":\"https:\/\/www.guide-chirurgie-esthetique.com\/es\/intervenciones\/cirugia-de-la-silueta\/#breadcrumb\",\"itemListElement\":[{\"@type\":\"ListItem\",\"position\":1,\"name\":\"Accueil\",\"item\":\"https:\/\/www.guide-chirurgie-esthetique.com\/es\/\"},{\"@type\":\"ListItem\",\"position\":2,\"name\":\"Intervenciones\",\"item\":\"https:\/\/www.guide-chirurgie-esthetique.com\/es\/intervenciones\/\"},{\"@type\":\"ListItem\",\"position\":3,\"name\":\"Cirug\u00eda de la silueta\"}]},{\"@type\":\"WebSite\",\"@id\":\"https:\/\/www.guide-chirurgie-esthetique.com\/es\/#website\",\"url\":\"https:\/\/www.guide-chirurgie-esthetique.com\/es\/\",\"name\":\"Guide Esth\u00e9tique\",\"description\":\"Votre guide pour r\u00e9ussir votre chirurgie plastique et esth\u00e9tique\",\"potentialAction\":[{\"@type\":\"SearchAction\",\"target\":{\"@type\":\"EntryPoint\",\"urlTemplate\":\"https:\/\/www.guide-chirurgie-esthetique.com\/es\/?s={search_term_string}\"},\"query-input\":\"required name=search_term_string\"}],\"inLanguage\":\"es-ES\"}]}<\/script>\n<!-- \/ Yoast SEO plugin. -->","yoast_head_json":{"title":"Cirug\u00eda del contorno corporal: todos los procedimientos","description":"He aqu\u00ed las principales intervenciones de remodelaci\u00f3n corporal realizadas en Francia, Turqu\u00eda, Marruecos y T\u00fanez.","robots":{"index":"index","follow":"follow","max-snippet":"max-snippet:-1","max-image-preview":"max-image-preview:large","max-video-preview":"max-video-preview:-1"},"canonical":"https:\/\/www.guide-chirurgie-esthetique.com\/es\/intervenciones\/cirugia-de-la-silueta\/","og_locale":"es_ES","og_type":"article","og_title":"Cirug\u00eda del contorno corporal: todos los procedimientos","og_description":"He aqu\u00ed las principales intervenciones de remodelaci\u00f3n corporal realizadas en Francia, Turqu\u00eda, Marruecos y T\u00fanez.","og_url":"https:\/\/www.guide-chirurgie-esthetique.com\/es\/intervenciones\/cirugia-de-la-silueta\/","og_site_name":"Guide Esth\u00e9tique","article_modified_time":"2023-12-15T09:50:43+00:00","og_image":[{"url":"https:\/\/www.guide-chirurgie-esthetique.com\/wp-content\/uploads\/2020\/09\/liposuccion-1024x683.jpg"}],"twitter_card":"summary_large_image","schema":{"@context":"https:\/\/schema.org","@graph":[{"@type":"WebPage","@id":"https:\/\/www.guide-chirurgie-esthetique.com\/es\/intervenciones\/cirugia-de-la-silueta\/","url":"https:\/\/www.guide-chirurgie-esthetique.com\/es\/intervenciones\/cirugia-de-la-silueta\/","name":"Cirug\u00eda del contorno corporal: todos los procedimientos","isPartOf":{"@id":"https:\/\/www.guide-chirurgie-esthetique.com\/es\/#website"},"primaryImageOfPage":{"@id":"https:\/\/www.guide-chirurgie-esthetique.com\/es\/intervenciones\/cirugia-de-la-silueta\/#primaryimage"},"image":{"@id":"https:\/\/www.guide-chirurgie-esthetique.com\/es\/intervenciones\/cirugia-de-la-silueta\/#primaryimage"},"thumbnailUrl":"https:\/\/www.guide-chirurgie-esthetique.com\/wp-content\/uploads\/2020\/09\/liposuccion-1024x683.jpg","datePublished":"2020-09-28T09:43:06+00:00","dateModified":"2023-12-15T09:50:43+00:00","description":"He aqu\u00ed las principales intervenciones de remodelaci\u00f3n corporal realizadas en Francia, Turqu\u00eda, Marruecos y T\u00fanez.","breadcrumb":{"@id":"https:\/\/www.guide-chirurgie-esthetique.com\/es\/intervenciones\/cirugia-de-la-silueta\/#breadcrumb"},"inLanguage":"es-ES","potentialAction":[{"@type":"ReadAction","target":["https:\/\/www.guide-chirurgie-esthetique.com\/es\/intervenciones\/cirugia-de-la-silueta\/"]}]},{"@type":"ImageObject","inLanguage":"es-ES","@id":"https:\/\/www.guide-chirurgie-esthetique.com\/es\/intervenciones\/cirugia-de-la-silueta\/#primaryimage","url":"https:\/\/www.guide-chirurgie-esthetique.com\/wp-content\/uploads\/2020\/09\/liposuccion-1024x683.jpg","contentUrl":"https:\/\/www.guide-chirurgie-esthetique.com\/wp-content\/uploads\/2020\/09\/liposuccion-1024x683.jpg"},{"@type":"BreadcrumbList","@id":"https:\/\/www.guide-chirurgie-esthetique.com\/es\/intervenciones\/cirugia-de-la-silueta\/#breadcrumb","itemListElement":[{"@type":"ListItem","position":1,"name":"Accueil","item":"https:\/\/www.guide-chirurgie-esthetique.com\/es\/"},{"@type":"ListItem","position":2,"name":"Intervenciones","item":"https:\/\/www.guide-chirurgie-esthetique.com\/es\/intervenciones\/"},{"@type":"ListItem","position":3,"name":"Cirug\u00eda de la silueta"}]},{"@type":"WebSite","@id":"https:\/\/www.guide-chirurgie-esthetique.com\/es\/#website","url":"https:\/\/www.guide-chirurgie-esthetique.com\/es\/","name":"Guide Esth\u00e9tique","description":"Votre guide pour r\u00e9ussir votre chirurgie plastique et esth\u00e9tique","potentialAction":[{"@type":"SearchAction","target":{"@type":"EntryPoint","urlTemplate":"https:\/\/www.guide-chirurgie-esthetique.com\/es\/?s={search_term_string}"},"query-input":"required name=search_term_string"}],"inLanguage":"es-ES"}]}},"_links":{"self":[{"href":"https:\/\/www.guide-chirurgie-esthetique.com\/es\/wp-json\/wp\/v2\/pages\/14107"}],"collection":[{"href":"https:\/\/www.guide-chirurgie-esthetique.com\/es\/wp-json\/wp\/v2\/pages"}],"about":[{"href":"https:\/\/www.guide-chirurgie-esthetique.com\/es\/wp-json\/wp\/v2\/types\/page"}],"author":[{"embeddable":true,"href":"https:\/\/www.guide-chirurgie-esthetique.com\/es\/wp-json\/wp\/v2\/users\/1"}],"replies":[{"embeddable":true,"href":"https:\/\/www.guide-chirurgie-esthetique.com\/es\/wp-json\/wp\/v2\/comments?post=14107"}],"version-history":[{"count":0,"href":"https:\/\/www.guide-chirurgie-esthetique.com\/es\/wp-json\/wp\/v2\/pages\/14107\/revisions"}],"up":[{"embeddable":true,"href":"https:\/\/www.guide-chirurgie-esthetique.com\/es\/wp-json\/wp\/v2\/pages\/12822"}],"wp:attachment":[{"href":"https:\/\/www.guide-chirurgie-esthetique.com\/es\/wp-json\/wp\/v2\/media?parent=14107"}],"curies":[{"name":"wp","href":"https:\/\/api.w.org\/{rel}","templated":true}]}}