{"id":14109,"date":"2020-09-28T09:50:19","date_gmt":"2020-09-28T07:50:19","guid":{"rendered":"https:\/\/www.guide-chirurgie-esthetique.com\/intervenciones\/cirugia-bariatrica\/"},"modified":"2023-12-15T10:50:59","modified_gmt":"2023-12-15T09:50:59","slug":"cirugia-bariatrica","status":"publish","type":"page","link":"https:\/\/www.guide-chirurgie-esthetique.com\/es\/intervenciones\/cirugia-bariatrica\/","title":{"rendered":"Cirug\u00eda bari\u00e1trica"},"content":{"rendered":"\t\t<div data-elementor-type=\"wp-page\" data-elementor-id=\"14109\" class=\"elementor elementor-14109 elementor-2471\">\n\t\t\t\t\t\t<section class=\"elementor-section elementor-top-section elementor-element elementor-element-ba4e06c row-intervention elementor-section-boxed elementor-section-height-default elementor-section-height-default\" data-id=\"ba4e06c\" data-element_type=\"section\">\n\t\t\t\t\t\t<div class=\"elementor-container elementor-column-gap-default\">\n\t\t\t\t\t<div class=\"elementor-column elementor-col-50 elementor-top-column elementor-element elementor-element-2b224573\" data-id=\"2b224573\" data-element_type=\"column\">\n\t\t\t<div class=\"elementor-widget-wrap elementor-element-populated\">\n\t\t\t\t\t\t<div class=\"elementor-element elementor-element-5cd6832c elementor-widget elementor-widget-image\" data-id=\"5cd6832c\" data-element_type=\"widget\" data-widget_type=\"image.default\">\n\t\t\t\t<div class=\"elementor-widget-container\">\n\t\t\t\t\t\t\t\t\t\t<figure class=\"wp-caption\">\n\t\t\t\t\t\t\t\t\t\t\t<a href=\"https:\/\/www.guide-chirurgie-esthetique.com\/interventions\/chirurgie_bariatrique\/bypass-gastrique\/\">\n\t\t\t\t\t\t\t<img fetchpriority=\"high\" decoding=\"async\" width=\"640\" height=\"427\" src=\"https:\/\/www.guide-chirurgie-esthetique.com\/wp-content\/uploads\/2020\/09\/bypass-gastrique-1024x683.jpg\" class=\"attachment-large size-large wp-image-2645\" alt=\"\" srcset=\"https:\/\/www.guide-chirurgie-esthetique.com\/wp-content\/uploads\/2020\/09\/bypass-gastrique-1024x683.jpg 1024w, https:\/\/www.guide-chirurgie-esthetique.com\/wp-content\/uploads\/2020\/09\/bypass-gastrique-600x400.jpg 600w, https:\/\/www.guide-chirurgie-esthetique.com\/wp-content\/uploads\/2020\/09\/bypass-gastrique-300x200.jpg 300w, https:\/\/www.guide-chirurgie-esthetique.com\/wp-content\/uploads\/2020\/09\/bypass-gastrique-768x512.jpg 768w, https:\/\/www.guide-chirurgie-esthetique.com\/wp-content\/uploads\/2020\/09\/bypass-gastrique.jpg 1200w\" sizes=\"(max-width: 640px) 100vw, 640px\" \/>\t\t\t\t\t\t\t\t<\/a>\n\t\t\t\t\t\t\t\t\t\t\t<figcaption class=\"widget-image-caption wp-caption-text\"><\/figcaption>\n\t\t\t\t\t\t\t\t\t\t<\/figure>\n\t\t\t\t\t\t\t<\/div>\n\t\t\t\t<\/div>\n\t\t\t\t<div class=\"elementor-element elementor-element-090928a elementor-widget elementor-widget-text-editor\" data-id=\"090928a\" data-element_type=\"widget\" data-widget_type=\"text-editor.default\">\n\t\t\t\t<div class=\"elementor-widget-container\">\n\t\t\t\t\t\t\t<div class=\"box-destinations\">\n<h2 class=\"box-title\"><a href=\"https:\/\/www.guide-chirurgie-esthetique.com\/interventions\/chirurgie_bariatrique\/bypass-gastrique\/\"><strong>Bypass g\u00e1strico<\/strong><\/a><\/h2>\n<\/div>\t\t\t\t\t\t<\/div>\n\t\t\t\t<\/div>\n\t\t\t\t<div class=\"elementor-element elementor-element-2f0d75c elementor-widget elementor-widget-image\" data-id=\"2f0d75c\" data-element_type=\"widget\" data-widget_type=\"image.default\">\n\t\t\t\t<div class=\"elementor-widget-container\">\n\t\t\t\t\t\t\t\t\t\t<figure class=\"wp-caption\">\n\t\t\t\t\t\t\t\t\t\t\t<a href=\"https:\/\/www.guide-chirurgie-esthetique.com\/interventions\/chirurgie_bariatrique\/anneau-gastrique\/\">\n\t\t\t\t\t\t\t<img decoding=\"async\" width=\"640\" height=\"427\" src=\"https:\/\/www.guide-chirurgie-esthetique.com\/wp-content\/uploads\/2020\/09\/anneau-gastrique-1024x683.jpg\" class=\"attachment-large size-large wp-image-2643\" alt=\"\" srcset=\"https:\/\/www.guide-chirurgie-esthetique.com\/wp-content\/uploads\/2020\/09\/anneau-gastrique-1024x683.jpg 1024w, https:\/\/www.guide-chirurgie-esthetique.com\/wp-content\/uploads\/2020\/09\/anneau-gastrique-600x400.jpg 600w, https:\/\/www.guide-chirurgie-esthetique.com\/wp-content\/uploads\/2020\/09\/anneau-gastrique-300x200.jpg 300w, https:\/\/www.guide-chirurgie-esthetique.com\/wp-content\/uploads\/2020\/09\/anneau-gastrique-768x512.jpg 768w, https:\/\/www.guide-chirurgie-esthetique.com\/wp-content\/uploads\/2020\/09\/anneau-gastrique.jpg 1200w\" sizes=\"(max-width: 640px) 100vw, 640px\" \/>\t\t\t\t\t\t\t\t<\/a>\n\t\t\t\t\t\t\t\t\t\t\t<figcaption class=\"widget-image-caption wp-caption-text\"><\/figcaption>\n\t\t\t\t\t\t\t\t\t\t<\/figure>\n\t\t\t\t\t\t\t<\/div>\n\t\t\t\t<\/div>\n\t\t\t\t<div class=\"elementor-element elementor-element-0d127d0 elementor-widget elementor-widget-text-editor\" data-id=\"0d127d0\" data-element_type=\"widget\" data-widget_type=\"text-editor.default\">\n\t\t\t\t<div class=\"elementor-widget-container\">\n\t\t\t\t\t\t\t<div class=\"box-destinations\">\n<h2 class=\"box-title\"><a href=\"https:\/\/www.guide-chirurgie-esthetique.com\/interventions\/chirurgie_bariatrique\/anneau-gastrique\/\"><strong>Banda g\u00e1strica<\/strong><\/a><\/h2>\n<\/div>\t\t\t\t\t\t<\/div>\n\t\t\t\t<\/div>\n\t\t\t\t\t<\/div>\n\t\t<\/div>\n\t\t\t\t<div class=\"elementor-column elementor-col-50 elementor-top-column elementor-element elementor-element-2b3d931a\" data-id=\"2b3d931a\" data-element_type=\"column\">\n\t\t\t<div class=\"elementor-widget-wrap elementor-element-populated\">\n\t\t\t\t\t\t<div class=\"elementor-element elementor-element-2d659c69 elementor-widget elementor-widget-image\" data-id=\"2d659c69\" data-element_type=\"widget\" data-widget_type=\"image.default\">\n\t\t\t\t<div class=\"elementor-widget-container\">\n\t\t\t\t\t\t\t\t\t\t<figure class=\"wp-caption\">\n\t\t\t\t\t\t\t\t\t\t\t<a href=\"https:\/\/www.guide-chirurgie-esthetique.com\/interventions\/chirurgie_bariatrique\/sleeve-gastrectomie\/\">\n\t\t\t\t\t\t\t<img decoding=\"async\" width=\"640\" height=\"427\" src=\"https:\/\/www.guide-chirurgie-esthetique.com\/wp-content\/uploads\/2020\/09\/sleeve-gastrectomie-1024x683.jpg\" class=\"attachment-large size-large wp-image-2642\" alt=\"\" srcset=\"https:\/\/www.guide-chirurgie-esthetique.com\/wp-content\/uploads\/2020\/09\/sleeve-gastrectomie-1024x683.jpg 1024w, https:\/\/www.guide-chirurgie-esthetique.com\/wp-content\/uploads\/2020\/09\/sleeve-gastrectomie-600x400.jpg 600w, https:\/\/www.guide-chirurgie-esthetique.com\/wp-content\/uploads\/2020\/09\/sleeve-gastrectomie-300x200.jpg 300w, https:\/\/www.guide-chirurgie-esthetique.com\/wp-content\/uploads\/2020\/09\/sleeve-gastrectomie-768x512.jpg 768w, https:\/\/www.guide-chirurgie-esthetique.com\/wp-content\/uploads\/2020\/09\/sleeve-gastrectomie.jpg 1200w\" sizes=\"(max-width: 640px) 100vw, 640px\" \/>\t\t\t\t\t\t\t\t<\/a>\n\t\t\t\t\t\t\t\t\t\t\t<figcaption class=\"widget-image-caption wp-caption-text\"><\/figcaption>\n\t\t\t\t\t\t\t\t\t\t<\/figure>\n\t\t\t\t\t\t\t<\/div>\n\t\t\t\t<\/div>\n\t\t\t\t<div class=\"elementor-element elementor-element-085686b elementor-widget elementor-widget-text-editor\" data-id=\"085686b\" data-element_type=\"widget\" data-widget_type=\"text-editor.default\">\n\t\t\t\t<div class=\"elementor-widget-container\">\n\t\t\t\t\t\t\t<div class=\"box-destinations\">\n<h2 class=\"box-title\"><a href=\"https:\/\/www.guide-chirurgie-esthetique.com\/interventions\/chirurgie_bariatrique\/sleeve-gastrectomie\/\"><strong>Gastrectom\u00eda en manga<\/strong><\/a><\/h2>\n<\/div>\t\t\t\t\t\t<\/div>\n\t\t\t\t<\/div>\n\t\t\t\t\t<\/div>\n\t\t<\/div>\n\t\t\t\t\t<\/div>\n\t\t<\/section>\n\t\t\t\t<\/div>\n\t\t","protected":false},"excerpt":{"rendered":"<p>Bypass g\u00e1strico Banda g\u00e1strica Gastrectom\u00eda en manga<\/p>\n","protected":false},"author":1,"featured_media":0,"parent":12822,"menu_order":0,"comment_status":"closed","ping_status":"closed","template":"","meta":{"footnotes":""},"yoast_head":"<!-- This site is optimized with the Yoast SEO plugin v22.8 - https:\/\/yoast.com\/wordpress\/plugins\/seo\/ -->\n<title>Cirug\u00eda bari\u00e1trica - Guide Esth\u00e9tique<\/title>\n<meta name=\"robots\" content=\"index, follow, max-snippet:-1, max-image-preview:large, max-video-preview:-1\" \/>\n<link rel=\"canonical\" href=\"https:\/\/www.guide-chirurgie-esthetique.com\/es\/intervenciones\/cirugia-bariatrica\/\" \/>\n<meta property=\"og:locale\" content=\"es_ES\" \/>\n<meta property=\"og:type\" content=\"article\" \/>\n<meta property=\"og:title\" content=\"Cirug\u00eda bari\u00e1trica - Guide Esth\u00e9tique\" \/>\n<meta property=\"og:description\" content=\"Bypass g\u00e1strico Banda g\u00e1strica Gastrectom\u00eda en manga\" \/>\n<meta property=\"og:url\" content=\"https:\/\/www.guide-chirurgie-esthetique.com\/es\/intervenciones\/cirugia-bariatrica\/\" \/>\n<meta property=\"og:site_name\" content=\"Guide Esth\u00e9tique\" \/>\n<meta property=\"article:modified_time\" content=\"2023-12-15T09:50:59+00:00\" \/>\n<meta property=\"og:image\" content=\"https:\/\/www.guide-chirurgie-esthetique.com\/wp-content\/uploads\/2020\/09\/bypass-gastrique-1024x683.jpg\" \/>\n<meta name=\"twitter:card\" content=\"summary_large_image\" \/>\n<script type=\"application\/ld+json\" class=\"yoast-schema-graph\">{\"@context\":\"https:\/\/schema.org\",\"@graph\":[{\"@type\":\"WebPage\",\"@id\":\"https:\/\/www.guide-chirurgie-esthetique.com\/es\/intervenciones\/cirugia-bariatrica\/\",\"url\":\"https:\/\/www.guide-chirurgie-esthetique.com\/es\/intervenciones\/cirugia-bariatrica\/\",\"name\":\"Cirug\u00eda bari\u00e1trica - Guide Esth\u00e9tique\",\"isPartOf\":{\"@id\":\"https:\/\/www.guide-chirurgie-esthetique.com\/es\/#website\"},\"primaryImageOfPage\":{\"@id\":\"https:\/\/www.guide-chirurgie-esthetique.com\/es\/intervenciones\/cirugia-bariatrica\/#primaryimage\"},\"image\":{\"@id\":\"https:\/\/www.guide-chirurgie-esthetique.com\/es\/intervenciones\/cirugia-bariatrica\/#primaryimage\"},\"thumbnailUrl\":\"https:\/\/www.guide-chirurgie-esthetique.com\/wp-content\/uploads\/2020\/09\/bypass-gastrique-1024x683.jpg\",\"datePublished\":\"2020-09-28T07:50:19+00:00\",\"dateModified\":\"2023-12-15T09:50:59+00:00\",\"breadcrumb\":{\"@id\":\"https:\/\/www.guide-chirurgie-esthetique.com\/es\/intervenciones\/cirugia-bariatrica\/#breadcrumb\"},\"inLanguage\":\"es-ES\",\"potentialAction\":[{\"@type\":\"ReadAction\",\"target\":[\"https:\/\/www.guide-chirurgie-esthetique.com\/es\/intervenciones\/cirugia-bariatrica\/\"]}]},{\"@type\":\"ImageObject\",\"inLanguage\":\"es-ES\",\"@id\":\"https:\/\/www.guide-chirurgie-esthetique.com\/es\/intervenciones\/cirugia-bariatrica\/#primaryimage\",\"url\":\"https:\/\/www.guide-chirurgie-esthetique.com\/wp-content\/uploads\/2020\/09\/bypass-gastrique-1024x683.jpg\",\"contentUrl\":\"https:\/\/www.guide-chirurgie-esthetique.com\/wp-content\/uploads\/2020\/09\/bypass-gastrique-1024x683.jpg\"},{\"@type\":\"BreadcrumbList\",\"@id\":\"https:\/\/www.guide-chirurgie-esthetique.com\/es\/intervenciones\/cirugia-bariatrica\/#breadcrumb\",\"itemListElement\":[{\"@type\":\"ListItem\",\"position\":1,\"name\":\"Accueil\",\"item\":\"https:\/\/www.guide-chirurgie-esthetique.com\/es\/\"},{\"@type\":\"ListItem\",\"position\":2,\"name\":\"Intervenciones\",\"item\":\"https:\/\/www.guide-chirurgie-esthetique.com\/es\/intervenciones\/\"},{\"@type\":\"ListItem\",\"position\":3,\"name\":\"Cirug\u00eda bari\u00e1trica\"}]},{\"@type\":\"WebSite\",\"@id\":\"https:\/\/www.guide-chirurgie-esthetique.com\/es\/#website\",\"url\":\"https:\/\/www.guide-chirurgie-esthetique.com\/es\/\",\"name\":\"Guide Esth\u00e9tique\",\"description\":\"Votre guide pour r\u00e9ussir votre chirurgie plastique et esth\u00e9tique\",\"potentialAction\":[{\"@type\":\"SearchAction\",\"target\":{\"@type\":\"EntryPoint\",\"urlTemplate\":\"https:\/\/www.guide-chirurgie-esthetique.com\/es\/?s={search_term_string}\"},\"query-input\":\"required name=search_term_string\"}],\"inLanguage\":\"es-ES\"}]}<\/script>\n<!-- \/ Yoast SEO plugin. -->","yoast_head_json":{"title":"Cirug\u00eda bari\u00e1trica - Guide Esth\u00e9tique","robots":{"index":"index","follow":"follow","max-snippet":"max-snippet:-1","max-image-preview":"max-image-preview:large","max-video-preview":"max-video-preview:-1"},"canonical":"https:\/\/www.guide-chirurgie-esthetique.com\/es\/intervenciones\/cirugia-bariatrica\/","og_locale":"es_ES","og_type":"article","og_title":"Cirug\u00eda bari\u00e1trica - Guide Esth\u00e9tique","og_description":"Bypass g\u00e1strico Banda g\u00e1strica Gastrectom\u00eda en manga","og_url":"https:\/\/www.guide-chirurgie-esthetique.com\/es\/intervenciones\/cirugia-bariatrica\/","og_site_name":"Guide Esth\u00e9tique","article_modified_time":"2023-12-15T09:50:59+00:00","og_image":[{"url":"https:\/\/www.guide-chirurgie-esthetique.com\/wp-content\/uploads\/2020\/09\/bypass-gastrique-1024x683.jpg"}],"twitter_card":"summary_large_image","schema":{"@context":"https:\/\/schema.org","@graph":[{"@type":"WebPage","@id":"https:\/\/www.guide-chirurgie-esthetique.com\/es\/intervenciones\/cirugia-bariatrica\/","url":"https:\/\/www.guide-chirurgie-esthetique.com\/es\/intervenciones\/cirugia-bariatrica\/","name":"Cirug\u00eda bari\u00e1trica - Guide Esth\u00e9tique","isPartOf":{"@id":"https:\/\/www.guide-chirurgie-esthetique.com\/es\/#website"},"primaryImageOfPage":{"@id":"https:\/\/www.guide-chirurgie-esthetique.com\/es\/intervenciones\/cirugia-bariatrica\/#primaryimage"},"image":{"@id":"https:\/\/www.guide-chirurgie-esthetique.com\/es\/intervenciones\/cirugia-bariatrica\/#primaryimage"},"thumbnailUrl":"https:\/\/www.guide-chirurgie-esthetique.com\/wp-content\/uploads\/2020\/09\/bypass-gastrique-1024x683.jpg","datePublished":"2020-09-28T07:50:19+00:00","dateModified":"2023-12-15T09:50:59+00:00","breadcrumb":{"@id":"https:\/\/www.guide-chirurgie-esthetique.com\/es\/intervenciones\/cirugia-bariatrica\/#breadcrumb"},"inLanguage":"es-ES","potentialAction":[{"@type":"ReadAction","target":["https:\/\/www.guide-chirurgie-esthetique.com\/es\/intervenciones\/cirugia-bariatrica\/"]}]},{"@type":"ImageObject","inLanguage":"es-ES","@id":"https:\/\/www.guide-chirurgie-esthetique.com\/es\/intervenciones\/cirugia-bariatrica\/#primaryimage","url":"https:\/\/www.guide-chirurgie-esthetique.com\/wp-content\/uploads\/2020\/09\/bypass-gastrique-1024x683.jpg","contentUrl":"https:\/\/www.guide-chirurgie-esthetique.com\/wp-content\/uploads\/2020\/09\/bypass-gastrique-1024x683.jpg"},{"@type":"BreadcrumbList","@id":"https:\/\/www.guide-chirurgie-esthetique.com\/es\/intervenciones\/cirugia-bariatrica\/#breadcrumb","itemListElement":[{"@type":"ListItem","position":1,"name":"Accueil","item":"https:\/\/www.guide-chirurgie-esthetique.com\/es\/"},{"@type":"ListItem","position":2,"name":"Intervenciones","item":"https:\/\/www.guide-chirurgie-esthetique.com\/es\/intervenciones\/"},{"@type":"ListItem","position":3,"name":"Cirug\u00eda bari\u00e1trica"}]},{"@type":"WebSite","@id":"https:\/\/www.guide-chirurgie-esthetique.com\/es\/#website","url":"https:\/\/www.guide-chirurgie-esthetique.com\/es\/","name":"Guide Esth\u00e9tique","description":"Votre guide pour r\u00e9ussir votre chirurgie plastique et esth\u00e9tique","potentialAction":[{"@type":"SearchAction","target":{"@type":"EntryPoint","urlTemplate":"https:\/\/www.guide-chirurgie-esthetique.com\/es\/?s={search_term_string}"},"query-input":"required name=search_term_string"}],"inLanguage":"es-ES"}]}},"_links":{"self":[{"href":"https:\/\/www.guide-chirurgie-esthetique.com\/es\/wp-json\/wp\/v2\/pages\/14109"}],"collection":[{"href":"https:\/\/www.guide-chirurgie-esthetique.com\/es\/wp-json\/wp\/v2\/pages"}],"about":[{"href":"https:\/\/www.guide-chirurgie-esthetique.com\/es\/wp-json\/wp\/v2\/types\/page"}],"author":[{"embeddable":true,"href":"https:\/\/www.guide-chirurgie-esthetique.com\/es\/wp-json\/wp\/v2\/users\/1"}],"replies":[{"embeddable":true,"href":"https:\/\/www.guide-chirurgie-esthetique.com\/es\/wp-json\/wp\/v2\/comments?post=14109"}],"version-history":[{"count":0,"href":"https:\/\/www.guide-chirurgie-esthetique.com\/es\/wp-json\/wp\/v2\/pages\/14109\/revisions"}],"up":[{"embeddable":true,"href":"https:\/\/www.guide-chirurgie-esthetique.com\/es\/wp-json\/wp\/v2\/pages\/12822"}],"wp:attachment":[{"href":"https:\/\/www.guide-chirurgie-esthetique.com\/es\/wp-json\/wp\/v2\/media?parent=14109"}],"curies":[{"name":"wp","href":"https:\/\/api.w.org\/{rel}","templated":true}]}}