{"id":14111,"date":"2020-09-28T09:48:14","date_gmt":"2020-09-28T07:48:14","guid":{"rendered":"https:\/\/www.guide-chirurgie-esthetique.com\/intervenciones\/estetica-dental\/"},"modified":"2023-12-15T10:51:05","modified_gmt":"2023-12-15T09:51:05","slug":"estetica-dental","status":"publish","type":"page","link":"https:\/\/www.guide-chirurgie-esthetique.com\/es\/intervenciones\/estetica-dental\/","title":{"rendered":"Est\u00e9tica dental"},"content":{"rendered":"\t\t<div data-elementor-type=\"wp-page\" data-elementor-id=\"14111\" class=\"elementor elementor-14111 elementor-2468\">\n\t\t\t\t\t\t<section class=\"elementor-section elementor-top-section elementor-element elementor-element-1d6e7842 row-intervention elementor-section-boxed elementor-section-height-default elementor-section-height-default\" data-id=\"1d6e7842\" data-element_type=\"section\">\n\t\t\t\t\t\t<div class=\"elementor-container elementor-column-gap-default\">\n\t\t\t\t\t<div class=\"elementor-column elementor-col-50 elementor-top-column elementor-element elementor-element-3b17e0\" data-id=\"3b17e0\" data-element_type=\"column\">\n\t\t\t<div class=\"elementor-widget-wrap elementor-element-populated\">\n\t\t\t\t\t\t<div class=\"elementor-element elementor-element-1a1613a4 elementor-widget elementor-widget-image\" data-id=\"1a1613a4\" data-element_type=\"widget\" data-widget_type=\"image.default\">\n\t\t\t\t<div class=\"elementor-widget-container\">\n\t\t\t\t\t\t\t\t\t\t<figure class=\"wp-caption\">\n\t\t\t\t\t\t\t\t\t\t\t<a href=\"https:\/\/www.guide-chirurgie-esthetique.com\/interventions\/esthetique_dentaire\/blanchiment-dentaire\/\">\n\t\t\t\t\t\t\t<img fetchpriority=\"high\" decoding=\"async\" width=\"640\" height=\"427\" src=\"https:\/\/www.guide-chirurgie-esthetique.com\/wp-content\/uploads\/2020\/09\/blanchiment-dentaire-1024x683.jpg\" class=\"attachment-large size-large wp-image-2632\" alt=\"\" srcset=\"https:\/\/www.guide-chirurgie-esthetique.com\/wp-content\/uploads\/2020\/09\/blanchiment-dentaire-1024x683.jpg 1024w, https:\/\/www.guide-chirurgie-esthetique.com\/wp-content\/uploads\/2020\/09\/blanchiment-dentaire-600x400.jpg 600w, https:\/\/www.guide-chirurgie-esthetique.com\/wp-content\/uploads\/2020\/09\/blanchiment-dentaire-300x200.jpg 300w, https:\/\/www.guide-chirurgie-esthetique.com\/wp-content\/uploads\/2020\/09\/blanchiment-dentaire-768x512.jpg 768w, https:\/\/www.guide-chirurgie-esthetique.com\/wp-content\/uploads\/2020\/09\/blanchiment-dentaire.jpg 1200w\" sizes=\"(max-width: 640px) 100vw, 640px\" \/>\t\t\t\t\t\t\t\t<\/a>\n\t\t\t\t\t\t\t\t\t\t\t<figcaption class=\"widget-image-caption wp-caption-text\"><\/figcaption>\n\t\t\t\t\t\t\t\t\t\t<\/figure>\n\t\t\t\t\t\t\t<\/div>\n\t\t\t\t<\/div>\n\t\t\t\t<div class=\"elementor-element elementor-element-d0c2cb9 elementor-widget elementor-widget-text-editor\" data-id=\"d0c2cb9\" data-element_type=\"widget\" data-widget_type=\"text-editor.default\">\n\t\t\t\t<div class=\"elementor-widget-container\">\n\t\t\t\t\t\t\t<div class=\"box-destinations\">\n<h2 class=\"box-title\"><a href=\"https:\/\/www.guide-chirurgie-esthetique.com\/interventions\/esthetique_dentaire\/blanchiment-dentaire\/\"><strong>Blanqueamiento dental<\/strong><\/a><\/h2>\n<\/div>\t\t\t\t\t\t<\/div>\n\t\t\t\t<\/div>\n\t\t\t\t<div class=\"elementor-element elementor-element-6218732 elementor-widget elementor-widget-image\" data-id=\"6218732\" data-element_type=\"widget\" data-widget_type=\"image.default\">\n\t\t\t\t<div class=\"elementor-widget-container\">\n\t\t\t\t\t\t\t\t\t\t<figure class=\"wp-caption\">\n\t\t\t\t\t\t\t\t\t\t\t<a href=\"https:\/\/www.guide-chirurgie-esthetique.com\/interventions\/esthetique_dentaire\/facettes-dentaires\/\">\n\t\t\t\t\t\t\t<img decoding=\"async\" width=\"640\" height=\"427\" src=\"https:\/\/www.guide-chirurgie-esthetique.com\/wp-content\/uploads\/2020\/09\/facettes-dentaires-1024x683.jpg\" class=\"attachment-large size-large wp-image-2633\" alt=\"\" srcset=\"https:\/\/www.guide-chirurgie-esthetique.com\/wp-content\/uploads\/2020\/09\/facettes-dentaires-1024x683.jpg 1024w, https:\/\/www.guide-chirurgie-esthetique.com\/wp-content\/uploads\/2020\/09\/facettes-dentaires-600x400.jpg 600w, https:\/\/www.guide-chirurgie-esthetique.com\/wp-content\/uploads\/2020\/09\/facettes-dentaires-300x200.jpg 300w, https:\/\/www.guide-chirurgie-esthetique.com\/wp-content\/uploads\/2020\/09\/facettes-dentaires-768x512.jpg 768w, https:\/\/www.guide-chirurgie-esthetique.com\/wp-content\/uploads\/2020\/09\/facettes-dentaires.jpg 1200w\" sizes=\"(max-width: 640px) 100vw, 640px\" \/>\t\t\t\t\t\t\t\t<\/a>\n\t\t\t\t\t\t\t\t\t\t\t<figcaption class=\"widget-image-caption wp-caption-text\"><\/figcaption>\n\t\t\t\t\t\t\t\t\t\t<\/figure>\n\t\t\t\t\t\t\t<\/div>\n\t\t\t\t<\/div>\n\t\t\t\t<div class=\"elementor-element elementor-element-05eed0a elementor-widget elementor-widget-text-editor\" data-id=\"05eed0a\" data-element_type=\"widget\" data-widget_type=\"text-editor.default\">\n\t\t\t\t<div class=\"elementor-widget-container\">\n\t\t\t\t\t\t\t<div class=\"box-destinations\">\n<h2 class=\"box-title\"><a href=\"https:\/\/www.guide-chirurgie-esthetique.com\/interventions\/esthetique_dentaire\/facettes-dentaires\/\"><strong>Carillas dentales<\/strong><\/a><\/h2>\n<\/div>\t\t\t\t\t\t<\/div>\n\t\t\t\t<\/div>\n\t\t\t\t<div class=\"elementor-element elementor-element-a3168b0 elementor-widget elementor-widget-image\" data-id=\"a3168b0\" data-element_type=\"widget\" data-widget_type=\"image.default\">\n\t\t\t\t<div class=\"elementor-widget-container\">\n\t\t\t\t\t\t\t\t\t\t<figure class=\"wp-caption\">\n\t\t\t\t\t\t\t\t\t\t\t<a href=\"https:\/\/www.guide-chirurgie-esthetique.com\/interventions\/esthetique_dentaire\/gingivectomie\/\">\n\t\t\t\t\t\t\t<img decoding=\"async\" width=\"640\" height=\"427\" src=\"https:\/\/www.guide-chirurgie-esthetique.com\/wp-content\/uploads\/2020\/09\/gingivectomie-1024x683.jpg\" class=\"attachment-large size-large wp-image-2635\" alt=\"\" srcset=\"https:\/\/www.guide-chirurgie-esthetique.com\/wp-content\/uploads\/2020\/09\/gingivectomie-1024x683.jpg 1024w, https:\/\/www.guide-chirurgie-esthetique.com\/wp-content\/uploads\/2020\/09\/gingivectomie-600x400.jpg 600w, https:\/\/www.guide-chirurgie-esthetique.com\/wp-content\/uploads\/2020\/09\/gingivectomie-300x200.jpg 300w, https:\/\/www.guide-chirurgie-esthetique.com\/wp-content\/uploads\/2020\/09\/gingivectomie-768x512.jpg 768w, https:\/\/www.guide-chirurgie-esthetique.com\/wp-content\/uploads\/2020\/09\/gingivectomie.jpg 1200w\" sizes=\"(max-width: 640px) 100vw, 640px\" \/>\t\t\t\t\t\t\t\t<\/a>\n\t\t\t\t\t\t\t\t\t\t\t<figcaption class=\"widget-image-caption wp-caption-text\"><\/figcaption>\n\t\t\t\t\t\t\t\t\t\t<\/figure>\n\t\t\t\t\t\t\t<\/div>\n\t\t\t\t<\/div>\n\t\t\t\t<div class=\"elementor-element elementor-element-bd7b645 elementor-widget elementor-widget-text-editor\" data-id=\"bd7b645\" data-element_type=\"widget\" data-widget_type=\"text-editor.default\">\n\t\t\t\t<div class=\"elementor-widget-container\">\n\t\t\t\t\t\t\t<div class=\"box-destinations\">\n<h2 class=\"box-title\"><a href=\"https:\/\/www.guide-chirurgie-esthetique.com\/interventions\/esthetique_dentaire\/gingivectomie\/\"><strong>Gingivectom\u00eda<\/strong><\/a><\/h2>\n<\/div>\t\t\t\t\t\t<\/div>\n\t\t\t\t<\/div>\n\t\t\t\t\t<\/div>\n\t\t<\/div>\n\t\t\t\t<div class=\"elementor-column elementor-col-50 elementor-top-column elementor-element elementor-element-3b3bd963\" data-id=\"3b3bd963\" data-element_type=\"column\">\n\t\t\t<div class=\"elementor-widget-wrap elementor-element-populated\">\n\t\t\t\t\t\t<div class=\"elementor-element elementor-element-45118c5f elementor-widget elementor-widget-image\" data-id=\"45118c5f\" data-element_type=\"widget\" data-widget_type=\"image.default\">\n\t\t\t\t<div class=\"elementor-widget-container\">\n\t\t\t\t\t\t\t\t\t\t<figure class=\"wp-caption\">\n\t\t\t\t\t\t\t\t\t\t\t<a href=\"https:\/\/www.guide-chirurgie-esthetique.com\/interventions\/esthetique_dentaire\/implants-dentaires\/\">\n\t\t\t\t\t\t\t<img loading=\"lazy\" decoding=\"async\" width=\"640\" height=\"427\" src=\"https:\/\/www.guide-chirurgie-esthetique.com\/wp-content\/uploads\/2020\/09\/implants-dentaires-1024x683.jpg\" class=\"attachment-large size-large wp-image-2637\" alt=\"\" srcset=\"https:\/\/www.guide-chirurgie-esthetique.com\/wp-content\/uploads\/2020\/09\/implants-dentaires-1024x683.jpg 1024w, https:\/\/www.guide-chirurgie-esthetique.com\/wp-content\/uploads\/2020\/09\/implants-dentaires-600x400.jpg 600w, https:\/\/www.guide-chirurgie-esthetique.com\/wp-content\/uploads\/2020\/09\/implants-dentaires-300x200.jpg 300w, https:\/\/www.guide-chirurgie-esthetique.com\/wp-content\/uploads\/2020\/09\/implants-dentaires-768x512.jpg 768w, https:\/\/www.guide-chirurgie-esthetique.com\/wp-content\/uploads\/2020\/09\/implants-dentaires.jpg 1200w\" sizes=\"(max-width: 640px) 100vw, 640px\" \/>\t\t\t\t\t\t\t\t<\/a>\n\t\t\t\t\t\t\t\t\t\t\t<figcaption class=\"widget-image-caption wp-caption-text\"><\/figcaption>\n\t\t\t\t\t\t\t\t\t\t<\/figure>\n\t\t\t\t\t\t\t<\/div>\n\t\t\t\t<\/div>\n\t\t\t\t<div class=\"elementor-element elementor-element-fd7d78e elementor-widget elementor-widget-text-editor\" data-id=\"fd7d78e\" data-element_type=\"widget\" data-widget_type=\"text-editor.default\">\n\t\t\t\t<div class=\"elementor-widget-container\">\n\t\t\t\t\t\t\t<div class=\"box-destinations\">\n<h2 class=\"box-title\"><a href=\"https:\/\/www.guide-chirurgie-esthetique.com\/interventions\/esthetique_dentaire\/implants-dentaires\/\"><strong>Implantes dentales<\/strong><\/a><\/h2>\n<\/div>\t\t\t\t\t\t<\/div>\n\t\t\t\t<\/div>\n\t\t\t\t<div class=\"elementor-element elementor-element-59da796f elementor-widget elementor-widget-image\" data-id=\"59da796f\" data-element_type=\"widget\" data-widget_type=\"image.default\">\n\t\t\t\t<div class=\"elementor-widget-container\">\n\t\t\t\t\t\t\t\t\t\t<figure class=\"wp-caption\">\n\t\t\t\t\t\t\t\t\t\t\t<a href=\"https:\/\/www.guide-chirurgie-esthetique.com\/interventions\/esthetique_dentaire\/hollywood-smile\/\">\n\t\t\t\t\t\t\t<img loading=\"lazy\" decoding=\"async\" width=\"640\" height=\"427\" src=\"https:\/\/www.guide-chirurgie-esthetique.com\/wp-content\/uploads\/2020\/09\/hollywood-smile-1024x683.jpg\" class=\"attachment-large size-large wp-image-2636\" alt=\"\" srcset=\"https:\/\/www.guide-chirurgie-esthetique.com\/wp-content\/uploads\/2020\/09\/hollywood-smile-1024x683.jpg 1024w, https:\/\/www.guide-chirurgie-esthetique.com\/wp-content\/uploads\/2020\/09\/hollywood-smile-600x400.jpg 600w, https:\/\/www.guide-chirurgie-esthetique.com\/wp-content\/uploads\/2020\/09\/hollywood-smile-300x200.jpg 300w, https:\/\/www.guide-chirurgie-esthetique.com\/wp-content\/uploads\/2020\/09\/hollywood-smile-768x512.jpg 768w, https:\/\/www.guide-chirurgie-esthetique.com\/wp-content\/uploads\/2020\/09\/hollywood-smile.jpg 1200w\" sizes=\"(max-width: 640px) 100vw, 640px\" \/>\t\t\t\t\t\t\t\t<\/a>\n\t\t\t\t\t\t\t\t\t\t\t<figcaption class=\"widget-image-caption wp-caption-text\"><\/figcaption>\n\t\t\t\t\t\t\t\t\t\t<\/figure>\n\t\t\t\t\t\t\t<\/div>\n\t\t\t\t<\/div>\n\t\t\t\t<div class=\"elementor-element elementor-element-dca8c1b elementor-widget elementor-widget-text-editor\" data-id=\"dca8c1b\" data-element_type=\"widget\" data-widget_type=\"text-editor.default\">\n\t\t\t\t<div class=\"elementor-widget-container\">\n\t\t\t\t\t\t\t<div class=\"box-destinations\">\n<h2 class=\"box-title\"><a href=\"https:\/\/www.guide-chirurgie-esthetique.com\/interventions\/esthetique_dentaire\/hollywood-smile\/\"><strong>Sonrisa de Hollywood<\/strong><\/a><\/h2>\n<\/div>\t\t\t\t\t\t<\/div>\n\t\t\t\t<\/div>\n\t\t\t\t\t<\/div>\n\t\t<\/div>\n\t\t\t\t\t<\/div>\n\t\t<\/section>\n\t\t\t\t<\/div>\n\t\t","protected":false},"excerpt":{"rendered":"<p>Blanqueamiento dental Carillas dentales Gingivectom\u00eda Implantes dentales Sonrisa de Hollywood<\/p>\n","protected":false},"author":1,"featured_media":0,"parent":12822,"menu_order":0,"comment_status":"closed","ping_status":"closed","template":"","meta":{"footnotes":""},"yoast_head":"<!-- This site is optimized with the Yoast SEO plugin v22.8 - https:\/\/yoast.com\/wordpress\/plugins\/seo\/ -->\n<title>Est\u00e9tica dental - Guide Esth\u00e9tique<\/title>\n<meta name=\"description\" content=\"Todos los tratamientos de odontolog\u00eda est\u00e9tica: carillas e implantes dentales, gingivoplastia, etc.\" \/>\n<meta name=\"robots\" content=\"index, follow, max-snippet:-1, max-image-preview:large, max-video-preview:-1\" \/>\n<link rel=\"canonical\" href=\"https:\/\/www.guide-chirurgie-esthetique.com\/es\/intervenciones\/estetica-dental\/\" \/>\n<meta property=\"og:locale\" content=\"es_ES\" \/>\n<meta property=\"og:type\" content=\"article\" \/>\n<meta property=\"og:title\" content=\"Est\u00e9tica dental - Guide Esth\u00e9tique\" \/>\n<meta property=\"og:description\" content=\"Todos los tratamientos de odontolog\u00eda est\u00e9tica: carillas e implantes dentales, gingivoplastia, etc.\" \/>\n<meta property=\"og:url\" content=\"https:\/\/www.guide-chirurgie-esthetique.com\/es\/intervenciones\/estetica-dental\/\" \/>\n<meta property=\"og:site_name\" content=\"Guide Esth\u00e9tique\" \/>\n<meta property=\"article:modified_time\" content=\"2023-12-15T09:51:05+00:00\" \/>\n<meta property=\"og:image\" content=\"https:\/\/www.guide-chirurgie-esthetique.com\/wp-content\/uploads\/2020\/09\/blanchiment-dentaire-1024x683.jpg\" \/>\n<meta name=\"twitter:card\" content=\"summary_large_image\" \/>\n<script type=\"application\/ld+json\" class=\"yoast-schema-graph\">{\"@context\":\"https:\/\/schema.org\",\"@graph\":[{\"@type\":\"WebPage\",\"@id\":\"https:\/\/www.guide-chirurgie-esthetique.com\/es\/intervenciones\/estetica-dental\/\",\"url\":\"https:\/\/www.guide-chirurgie-esthetique.com\/es\/intervenciones\/estetica-dental\/\",\"name\":\"Est\u00e9tica dental - Guide Esth\u00e9tique\",\"isPartOf\":{\"@id\":\"https:\/\/www.guide-chirurgie-esthetique.com\/es\/#website\"},\"primaryImageOfPage\":{\"@id\":\"https:\/\/www.guide-chirurgie-esthetique.com\/es\/intervenciones\/estetica-dental\/#primaryimage\"},\"image\":{\"@id\":\"https:\/\/www.guide-chirurgie-esthetique.com\/es\/intervenciones\/estetica-dental\/#primaryimage\"},\"thumbnailUrl\":\"https:\/\/www.guide-chirurgie-esthetique.com\/wp-content\/uploads\/2020\/09\/blanchiment-dentaire-1024x683.jpg\",\"datePublished\":\"2020-09-28T07:48:14+00:00\",\"dateModified\":\"2023-12-15T09:51:05+00:00\",\"description\":\"Todos los tratamientos de odontolog\u00eda est\u00e9tica: carillas e implantes dentales, gingivoplastia, etc.\",\"breadcrumb\":{\"@id\":\"https:\/\/www.guide-chirurgie-esthetique.com\/es\/intervenciones\/estetica-dental\/#breadcrumb\"},\"inLanguage\":\"es-ES\",\"potentialAction\":[{\"@type\":\"ReadAction\",\"target\":[\"https:\/\/www.guide-chirurgie-esthetique.com\/es\/intervenciones\/estetica-dental\/\"]}]},{\"@type\":\"ImageObject\",\"inLanguage\":\"es-ES\",\"@id\":\"https:\/\/www.guide-chirurgie-esthetique.com\/es\/intervenciones\/estetica-dental\/#primaryimage\",\"url\":\"https:\/\/www.guide-chirurgie-esthetique.com\/wp-content\/uploads\/2020\/09\/blanchiment-dentaire-1024x683.jpg\",\"contentUrl\":\"https:\/\/www.guide-chirurgie-esthetique.com\/wp-content\/uploads\/2020\/09\/blanchiment-dentaire-1024x683.jpg\"},{\"@type\":\"BreadcrumbList\",\"@id\":\"https:\/\/www.guide-chirurgie-esthetique.com\/es\/intervenciones\/estetica-dental\/#breadcrumb\",\"itemListElement\":[{\"@type\":\"ListItem\",\"position\":1,\"name\":\"Accueil\",\"item\":\"https:\/\/www.guide-chirurgie-esthetique.com\/es\/\"},{\"@type\":\"ListItem\",\"position\":2,\"name\":\"Intervenciones\",\"item\":\"https:\/\/www.guide-chirurgie-esthetique.com\/es\/intervenciones\/\"},{\"@type\":\"ListItem\",\"position\":3,\"name\":\"Est\u00e9tica dental\"}]},{\"@type\":\"WebSite\",\"@id\":\"https:\/\/www.guide-chirurgie-esthetique.com\/es\/#website\",\"url\":\"https:\/\/www.guide-chirurgie-esthetique.com\/es\/\",\"name\":\"Guide Esth\u00e9tique\",\"description\":\"Votre guide pour r\u00e9ussir votre chirurgie plastique et esth\u00e9tique\",\"potentialAction\":[{\"@type\":\"SearchAction\",\"target\":{\"@type\":\"EntryPoint\",\"urlTemplate\":\"https:\/\/www.guide-chirurgie-esthetique.com\/es\/?s={search_term_string}\"},\"query-input\":\"required name=search_term_string\"}],\"inLanguage\":\"es-ES\"}]}<\/script>\n<!-- \/ Yoast SEO plugin. -->","yoast_head_json":{"title":"Est\u00e9tica dental - Guide Esth\u00e9tique","description":"Todos los tratamientos de odontolog\u00eda est\u00e9tica: carillas e implantes dentales, gingivoplastia, etc.","robots":{"index":"index","follow":"follow","max-snippet":"max-snippet:-1","max-image-preview":"max-image-preview:large","max-video-preview":"max-video-preview:-1"},"canonical":"https:\/\/www.guide-chirurgie-esthetique.com\/es\/intervenciones\/estetica-dental\/","og_locale":"es_ES","og_type":"article","og_title":"Est\u00e9tica dental - Guide Esth\u00e9tique","og_description":"Todos los tratamientos de odontolog\u00eda est\u00e9tica: carillas e implantes dentales, gingivoplastia, etc.","og_url":"https:\/\/www.guide-chirurgie-esthetique.com\/es\/intervenciones\/estetica-dental\/","og_site_name":"Guide Esth\u00e9tique","article_modified_time":"2023-12-15T09:51:05+00:00","og_image":[{"url":"https:\/\/www.guide-chirurgie-esthetique.com\/wp-content\/uploads\/2020\/09\/blanchiment-dentaire-1024x683.jpg"}],"twitter_card":"summary_large_image","schema":{"@context":"https:\/\/schema.org","@graph":[{"@type":"WebPage","@id":"https:\/\/www.guide-chirurgie-esthetique.com\/es\/intervenciones\/estetica-dental\/","url":"https:\/\/www.guide-chirurgie-esthetique.com\/es\/intervenciones\/estetica-dental\/","name":"Est\u00e9tica dental - Guide Esth\u00e9tique","isPartOf":{"@id":"https:\/\/www.guide-chirurgie-esthetique.com\/es\/#website"},"primaryImageOfPage":{"@id":"https:\/\/www.guide-chirurgie-esthetique.com\/es\/intervenciones\/estetica-dental\/#primaryimage"},"image":{"@id":"https:\/\/www.guide-chirurgie-esthetique.com\/es\/intervenciones\/estetica-dental\/#primaryimage"},"thumbnailUrl":"https:\/\/www.guide-chirurgie-esthetique.com\/wp-content\/uploads\/2020\/09\/blanchiment-dentaire-1024x683.jpg","datePublished":"2020-09-28T07:48:14+00:00","dateModified":"2023-12-15T09:51:05+00:00","description":"Todos los tratamientos de odontolog\u00eda est\u00e9tica: carillas e implantes dentales, gingivoplastia, etc.","breadcrumb":{"@id":"https:\/\/www.guide-chirurgie-esthetique.com\/es\/intervenciones\/estetica-dental\/#breadcrumb"},"inLanguage":"es-ES","potentialAction":[{"@type":"ReadAction","target":["https:\/\/www.guide-chirurgie-esthetique.com\/es\/intervenciones\/estetica-dental\/"]}]},{"@type":"ImageObject","inLanguage":"es-ES","@id":"https:\/\/www.guide-chirurgie-esthetique.com\/es\/intervenciones\/estetica-dental\/#primaryimage","url":"https:\/\/www.guide-chirurgie-esthetique.com\/wp-content\/uploads\/2020\/09\/blanchiment-dentaire-1024x683.jpg","contentUrl":"https:\/\/www.guide-chirurgie-esthetique.com\/wp-content\/uploads\/2020\/09\/blanchiment-dentaire-1024x683.jpg"},{"@type":"BreadcrumbList","@id":"https:\/\/www.guide-chirurgie-esthetique.com\/es\/intervenciones\/estetica-dental\/#breadcrumb","itemListElement":[{"@type":"ListItem","position":1,"name":"Accueil","item":"https:\/\/www.guide-chirurgie-esthetique.com\/es\/"},{"@type":"ListItem","position":2,"name":"Intervenciones","item":"https:\/\/www.guide-chirurgie-esthetique.com\/es\/intervenciones\/"},{"@type":"ListItem","position":3,"name":"Est\u00e9tica dental"}]},{"@type":"WebSite","@id":"https:\/\/www.guide-chirurgie-esthetique.com\/es\/#website","url":"https:\/\/www.guide-chirurgie-esthetique.com\/es\/","name":"Guide Esth\u00e9tique","description":"Votre guide pour r\u00e9ussir votre chirurgie plastique et esth\u00e9tique","potentialAction":[{"@type":"SearchAction","target":{"@type":"EntryPoint","urlTemplate":"https:\/\/www.guide-chirurgie-esthetique.com\/es\/?s={search_term_string}"},"query-input":"required name=search_term_string"}],"inLanguage":"es-ES"}]}},"_links":{"self":[{"href":"https:\/\/www.guide-chirurgie-esthetique.com\/es\/wp-json\/wp\/v2\/pages\/14111"}],"collection":[{"href":"https:\/\/www.guide-chirurgie-esthetique.com\/es\/wp-json\/wp\/v2\/pages"}],"about":[{"href":"https:\/\/www.guide-chirurgie-esthetique.com\/es\/wp-json\/wp\/v2\/types\/page"}],"author":[{"embeddable":true,"href":"https:\/\/www.guide-chirurgie-esthetique.com\/es\/wp-json\/wp\/v2\/users\/1"}],"replies":[{"embeddable":true,"href":"https:\/\/www.guide-chirurgie-esthetique.com\/es\/wp-json\/wp\/v2\/comments?post=14111"}],"version-history":[{"count":0,"href":"https:\/\/www.guide-chirurgie-esthetique.com\/es\/wp-json\/wp\/v2\/pages\/14111\/revisions"}],"up":[{"embeddable":true,"href":"https:\/\/www.guide-chirurgie-esthetique.com\/es\/wp-json\/wp\/v2\/pages\/12822"}],"wp:attachment":[{"href":"https:\/\/www.guide-chirurgie-esthetique.com\/es\/wp-json\/wp\/v2\/media?parent=14111"}],"curies":[{"name":"wp","href":"https:\/\/api.w.org\/{rel}","templated":true}]}}