{"id":15148,"date":"2019-10-21T08:21:00","date_gmt":"2019-10-21T06:21:00","guid":{"rendered":"https:\/\/www.guide-chirurgie-esthetique.com\/autenticacion\/"},"modified":"2023-12-28T10:39:05","modified_gmt":"2023-12-28T09:39:05","slug":"autenticacion","status":"publish","type":"page","link":"https:\/\/www.guide-chirurgie-esthetique.com\/es\/autenticacion\/","title":{"rendered":"Autenticaci\u00f3n"},"content":{"rendered":"\t\t<div data-elementor-type=\"wp-page\" data-elementor-id=\"15148\" class=\"elementor elementor-15148 elementor-1238\">\n\t\t\t\t\t\t<section class=\"elementor-section elementor-top-section elementor-element elementor-element-68f584f elementor-section-boxed elementor-section-height-default elementor-section-height-default\" data-id=\"68f584f\" data-element_type=\"section\">\n\t\t\t\t\t\t<div class=\"elementor-container elementor-column-gap-no\">\n\t\t\t\t\t<div class=\"elementor-column elementor-col-100 elementor-top-column elementor-element elementor-element-9decf63\" data-id=\"9decf63\" data-element_type=\"column\">\n\t\t\t<div class=\"elementor-widget-wrap elementor-element-populated\">\n\t\t\t\t\t\t<div class=\"elementor-element elementor-element-d3163c4 elementor-widget elementor-widget-wt_element_authentication\" data-id=\"d3163c4\" data-element_type=\"widget\" data-widget_type=\"wt_element_authentication.default\">\n\t\t\t\t<div class=\"elementor-widget-container\">\n\t\t\t\t\t\t<div class=\"dc-sc-shortcode dc-haslayout\">\n\t\t\t\t\t\t\t\t<div class=\"dc-content\">\n\t\t\t\t\t<div class=\"dc-themeform dc-formlogin-register\">\n\t\t\t\t\t\t                \n                <div class=\"dc-haslayout dc-parent-section\">\n                    <div class=\"row justify-content-md-center\">\n\t\t\t\t\t\t<div class=\"col-xs-12 col-sm-12 col-md-10 push-md-1 col-lg-8 push-lg-2\">\n\t\t\t\t\t\t\t<div class=\"dc-registerformhold\">\n\t\t\t\t\t\t\t\t<div class=\"tab-content dc-registertabcontent\">\n\t\t\t\t\t\t\t\t\t\t\t\t\t\t\t\t\t\t\t<div class=\"tab-pane active step-one-contents\" id=\"one\">\n\t\t\t\t\t\t\t\t\t\t\t\t\t\n\t\t<div class=\"dc-registerformmain\">\n\t\t\t<div class=\"dc-registerhead\">\n\t\t\t\t<div class=\"dc-title\">\n\t\t\t\t\t<h3>Rejoignez-nous pour un bon d\u00e9part<\/h3>\n\t\t\t\t<\/div>\n\t\t\t\t\t\t\t\t\t<div class=\"description\">\n\t\t\t\t\t\tInscrivez-vous dans notre plateforme en quelques clics et soyez les premiers \u00e0 \u00eatre inform\u00e9s des nouvelles techniques de chirurgie esth\u00e9tique et r\u00e9paratrice. \t\t\t\t\t<\/div>\n\t\t\t\t\t\t\t<\/div>\n\t\t\t<div class=\"dc-joinforms\">\n\t\t\t\t<ul class=\"dc-joinsteps\">\n\t\t\t\t\t<li class=\"dc-active\">\n\t\t\t\t\t\t<a href=\"javascrip:;\">\n\t\t\t\t\t\t\t01\t\t\t\t\t\t<\/a>\n\t\t\t\t\t<\/li>\n\t\t\t\t\t<li><a href=\"javascrip:;\">02<\/a><\/li>\n\t\t\t\t\t<li><a href=\"javascrip:;\"> 03 <\/a><\/li>\n\t\t\t\t\t\t\t\t\t\t\t<li><a href=\"javascrip:;\">04<\/a><\/li>\n\t\t\t\t\t\t\t\t\t<\/ul>\n\t\t\t\t<form class=\"dc-formtheme dc-formregister\">\n\t\t\t\t\t<fieldset class=\"dc-registerformgroup\">\n\t\t\t\t\t\t<div class=\"form-group form-group-half\">\n\t\t\t\t\t\t\t<input type=\"text\" name=\"first_name\" class=\"form-control\" value=\"\" placeholder=\"Pr\u00e9nom\">\n\t\t\t\t\t\t<\/div>\n\t\t\t\t\t\t<div class=\"form-group form-group-half\">\n\t\t\t\t\t\t\t<input type=\"text\" name=\"last_name\" value=\"\" class=\"form-control\" placeholder=\"Nom\">\n\t\t\t\t\t\t<\/div>\n\t\t\t\t\t\t<div class=\"form-group form-group-half\">\n\t\t\t\t\t\t\t<input type=\"text\" name=\"username\" class=\"form-control\" value=\"\" placeholder=\"Nom d\u2019utilisateur\">\n\t\t\t\t\t\t<\/div>\n\t\t\t\t\t\t<div class=\"form-group form-group-half\">\n\t\t\t\t\t\t\t<input type=\"text\" name=\"display_name\" class=\"form-control\" value=\"\" placeholder=\"Nom d\u2019affichage\">\n\t\t\t\t\t\t<\/div>\n\t\t\t\t\t\t<div class=\"form-group\">\n\t\t\t\t\t\t\t<input type=\"email\" name=\"email\" class=\"form-control\" value=\"\" placeholder=\" E-mail\">\n\t\t\t\t\t\t<\/div>\n\t\t\t\t\t\t<div class=\"form-group\">\n\t\t\t\t\t\t\t<a href=\"javascrip:;\" class=\"dc-btn rg-step-one\">Commencez maintenant<\/a>\n\t\t\t\t\t\t<\/div>\n\t\t\t\t\t<\/fieldset>\n\t\t\t\t\t<input type=\"hidden\" id=\"doctreat_register_step_one_nounce\" name=\"doctreat_register_step_one_nounce\" value=\"44c4c9b871\" \/><input type=\"hidden\" name=\"_wp_http_referer\" value=\"\/es\/wp-json\/wp\/v2\/pages\/15148\/\" \/>\t\t\t\t<\/form>\n\t\t\t<\/div>\n\t\t<\/div>\n\t\t\t\t\t\t\t\t\t\t\t\t<\/div> \n\t\t\t\t\t\t\t\t\t\t\t\t\t\t\t\t\t<\/div>\n\t\t\t\t\t\t\t\t\t\t\t\t\t\t\t\t\t<div class=\"dc-registerformfooter\">\n\t\t\t\t\t\t\t\t\t\t<span>Avez-vous d\u00e9j\u00e0 un compte ?<a class=\"dc-loginbtn dc-loginfor-offer\" href=\"javascript:;\">&nbsp;Connectez-vous maintenant<\/a><\/span>\n\t\t\t\t\t\t\t\t\t<\/div>\n\t\t\t\t\t\t\t\t\t\t\t\t\t\t\t<\/div>\n\t\t\t\t\t\t<\/div>\n\t\t\t\t\t<\/div>\n                <\/div>                \n                              \n\t\t\t\t\t<\/div>\n\t\t\t\t<\/div>\n\t\t\t\t\t\t\t<\/div>\n\t\t\t\t<\/div>\n\t\t\t\t<\/div>\n\t\t\t\t\t<\/div>\n\t\t<\/div>\n\t\t\t\t\t<\/div>\n\t\t<\/section>\n\t\t\t\t<\/div>\n\t\t","protected":false},"excerpt":{"rendered":"<p>Hello Amely Jason (not Amely Jason? Sign out) You can view your dashboard by clicking below link Go to dashboard<\/p>\n","protected":false},"author":1,"featured_media":-1,"parent":0,"menu_order":0,"comment_status":"closed","ping_status":"closed","template":"","meta":{"footnotes":""},"yoast_head":"<!-- This site is optimized with the Yoast SEO plugin v22.8 - https:\/\/yoast.com\/wordpress\/plugins\/seo\/ -->\n<title>Autenticaci\u00f3n - Guide Esth\u00e9tique<\/title>\n<meta name=\"robots\" content=\"index, follow, max-snippet:-1, max-image-preview:large, max-video-preview:-1\" \/>\n<link rel=\"canonical\" href=\"https:\/\/www.guide-chirurgie-esthetique.com\/es\/autenticacion\/\" \/>\n<meta property=\"og:locale\" content=\"es_ES\" \/>\n<meta property=\"og:type\" content=\"article\" \/>\n<meta property=\"og:title\" content=\"Autenticaci\u00f3n - Guide Esth\u00e9tique\" \/>\n<meta property=\"og:description\" content=\"Hello Amely Jason (not Amely Jason? Sign out) You can view your dashboard by clicking below link Go to dashboard\" \/>\n<meta property=\"og:url\" content=\"https:\/\/www.guide-chirurgie-esthetique.com\/es\/autenticacion\/\" \/>\n<meta property=\"og:site_name\" content=\"Guide Esth\u00e9tique\" \/>\n<meta property=\"article:modified_time\" content=\"2023-12-28T09:39:05+00:00\" \/>\n<meta name=\"twitter:card\" content=\"summary_large_image\" \/>\n<script type=\"application\/ld+json\" class=\"yoast-schema-graph\">{\"@context\":\"https:\/\/schema.org\",\"@graph\":[{\"@type\":\"WebPage\",\"@id\":\"https:\/\/www.guide-chirurgie-esthetique.com\/es\/autenticacion\/\",\"url\":\"https:\/\/www.guide-chirurgie-esthetique.com\/es\/autenticacion\/\",\"name\":\"Autenticaci\u00f3n - Guide Esth\u00e9tique\",\"isPartOf\":{\"@id\":\"https:\/\/www.guide-chirurgie-esthetique.com\/es\/#website\"},\"datePublished\":\"2019-10-21T06:21:00+00:00\",\"dateModified\":\"2023-12-28T09:39:05+00:00\",\"breadcrumb\":{\"@id\":\"https:\/\/www.guide-chirurgie-esthetique.com\/es\/autenticacion\/#breadcrumb\"},\"inLanguage\":\"es-ES\",\"potentialAction\":[{\"@type\":\"ReadAction\",\"target\":[\"https:\/\/www.guide-chirurgie-esthetique.com\/es\/autenticacion\/\"]}]},{\"@type\":\"BreadcrumbList\",\"@id\":\"https:\/\/www.guide-chirurgie-esthetique.com\/es\/autenticacion\/#breadcrumb\",\"itemListElement\":[{\"@type\":\"ListItem\",\"position\":1,\"name\":\"Accueil\",\"item\":\"https:\/\/www.guide-chirurgie-esthetique.com\/es\/\"},{\"@type\":\"ListItem\",\"position\":2,\"name\":\"Autenticaci\u00f3n\"}]},{\"@type\":\"WebSite\",\"@id\":\"https:\/\/www.guide-chirurgie-esthetique.com\/es\/#website\",\"url\":\"https:\/\/www.guide-chirurgie-esthetique.com\/es\/\",\"name\":\"Guide Esth\u00e9tique\",\"description\":\"Votre guide pour r\u00e9ussir votre chirurgie plastique et esth\u00e9tique\",\"potentialAction\":[{\"@type\":\"SearchAction\",\"target\":{\"@type\":\"EntryPoint\",\"urlTemplate\":\"https:\/\/www.guide-chirurgie-esthetique.com\/es\/?s={search_term_string}\"},\"query-input\":\"required name=search_term_string\"}],\"inLanguage\":\"es-ES\"}]}<\/script>\n<!-- \/ Yoast SEO plugin. -->","yoast_head_json":{"title":"Autenticaci\u00f3n - Guide Esth\u00e9tique","robots":{"index":"index","follow":"follow","max-snippet":"max-snippet:-1","max-image-preview":"max-image-preview:large","max-video-preview":"max-video-preview:-1"},"canonical":"https:\/\/www.guide-chirurgie-esthetique.com\/es\/autenticacion\/","og_locale":"es_ES","og_type":"article","og_title":"Autenticaci\u00f3n - Guide Esth\u00e9tique","og_description":"Hello Amely Jason (not Amely Jason? Sign out) You can view your dashboard by clicking below link Go to dashboard","og_url":"https:\/\/www.guide-chirurgie-esthetique.com\/es\/autenticacion\/","og_site_name":"Guide Esth\u00e9tique","article_modified_time":"2023-12-28T09:39:05+00:00","twitter_card":"summary_large_image","schema":{"@context":"https:\/\/schema.org","@graph":[{"@type":"WebPage","@id":"https:\/\/www.guide-chirurgie-esthetique.com\/es\/autenticacion\/","url":"https:\/\/www.guide-chirurgie-esthetique.com\/es\/autenticacion\/","name":"Autenticaci\u00f3n - Guide Esth\u00e9tique","isPartOf":{"@id":"https:\/\/www.guide-chirurgie-esthetique.com\/es\/#website"},"datePublished":"2019-10-21T06:21:00+00:00","dateModified":"2023-12-28T09:39:05+00:00","breadcrumb":{"@id":"https:\/\/www.guide-chirurgie-esthetique.com\/es\/autenticacion\/#breadcrumb"},"inLanguage":"es-ES","potentialAction":[{"@type":"ReadAction","target":["https:\/\/www.guide-chirurgie-esthetique.com\/es\/autenticacion\/"]}]},{"@type":"BreadcrumbList","@id":"https:\/\/www.guide-chirurgie-esthetique.com\/es\/autenticacion\/#breadcrumb","itemListElement":[{"@type":"ListItem","position":1,"name":"Accueil","item":"https:\/\/www.guide-chirurgie-esthetique.com\/es\/"},{"@type":"ListItem","position":2,"name":"Autenticaci\u00f3n"}]},{"@type":"WebSite","@id":"https:\/\/www.guide-chirurgie-esthetique.com\/es\/#website","url":"https:\/\/www.guide-chirurgie-esthetique.com\/es\/","name":"Guide Esth\u00e9tique","description":"Votre guide pour r\u00e9ussir votre chirurgie plastique et esth\u00e9tique","potentialAction":[{"@type":"SearchAction","target":{"@type":"EntryPoint","urlTemplate":"https:\/\/www.guide-chirurgie-esthetique.com\/es\/?s={search_term_string}"},"query-input":"required name=search_term_string"}],"inLanguage":"es-ES"}]}},"_links":{"self":[{"href":"https:\/\/www.guide-chirurgie-esthetique.com\/es\/wp-json\/wp\/v2\/pages\/15148"}],"collection":[{"href":"https:\/\/www.guide-chirurgie-esthetique.com\/es\/wp-json\/wp\/v2\/pages"}],"about":[{"href":"https:\/\/www.guide-chirurgie-esthetique.com\/es\/wp-json\/wp\/v2\/types\/page"}],"author":[{"embeddable":true,"href":"https:\/\/www.guide-chirurgie-esthetique.com\/es\/wp-json\/wp\/v2\/users\/1"}],"replies":[{"embeddable":true,"href":"https:\/\/www.guide-chirurgie-esthetique.com\/es\/wp-json\/wp\/v2\/comments?post=15148"}],"version-history":[{"count":0,"href":"https:\/\/www.guide-chirurgie-esthetique.com\/es\/wp-json\/wp\/v2\/pages\/15148\/revisions"}],"wp:featuredmedia":[{"embeddable":true,"href":"https:\/\/www.guide-chirurgie-esthetique.com\/es\/wp-json\/"}],"wp:attachment":[{"href":"https:\/\/www.guide-chirurgie-esthetique.com\/es\/wp-json\/wp\/v2\/media?parent=15148"}],"curies":[{"name":"wp","href":"https:\/\/api.w.org\/{rel}","templated":true}]}}